{"id":7179,"date":"2023-09-09T15:00:38","date_gmt":"2023-09-09T15:00:38","guid":{"rendered":"https:\/\/maugojewelry.com\/?post_type=product&#038;p=7179"},"modified":"2026-04-07T14:05:46","modified_gmt":"2026-04-07T13:05:46","slug":"7179","status":"publish","type":"product","link":"https:\/\/maugojewelry.com\/en\/produkt\/7179\/","title":{"rendered":"Beaded Charm  Hoop Earrings"},"excerpt":{"rendered":"<p>Minimalistyczne i ponadczasowe kolczyki k\u00f3\u0142ka z zawieszk\u0105 z\u0142o\u017con\u0105 z trzech kuleczek. Zawieszk\u0119 mo\u017cna zdj\u0105\u0107 i nosi\u0107 same ko\u0142a.<\/p>\n<p>&nbsp;<\/p>\n<ul>\n<li>sprzedawane jako para<\/li>\n<li>zapi\u0119cie na zatrzask<\/li>\n<li>dost\u0119pne w \u017c\u00f3\u0142tym z\u0142ocie 585, srebrze lub srebrze poz\u0142acanym 24-karatowym z\u0142otem<\/li>\n<li>wymiary kolczyka: wewn\u0119trzna \u015brednica 15 mm, grubo\u015b\u0107 3 mm<\/li>\n<\/ul>\n<p>&nbsp;<\/p>\n<p>*Produkt zaprojektowany i wykonany w Polsce.<\/p>\n","protected":false},"featured_media":7628,"comment_status":"closed","ping_status":"closed","template":"","meta":{"_acf_changed":false},"product_brand":[],"product_cat":[18,16,2068],"product_tag":[],"class_list":{"0":"post-7179","1":"product","2":"type-product","3":"status-publish","4":"has-post-thumbnail","6":"product_cat-earrings","7":"product_cat-all","8":"product_cat-solid-gold","10":"first","11":"instock","12":"shipping-taxable","13":"purchasable","14":"product-type-variable"},"acf":[],"aioseo_notices":[],"_links":{"self":[{"href":"https:\/\/maugojewelry.com\/en\/wp-json\/wp\/v2\/product\/7179","targetHints":{"allow":["GET"]}}],"collection":[{"href":"https:\/\/maugojewelry.com\/en\/wp-json\/wp\/v2\/product"}],"about":[{"href":"https:\/\/maugojewelry.com\/en\/wp-json\/wp\/v2\/types\/product"}],"replies":[{"embeddable":true,"href":"https:\/\/maugojewelry.com\/en\/wp-json\/wp\/v2\/comments?post=7179"}],"wp:featuredmedia":[{"embeddable":true,"href":"https:\/\/maugojewelry.com\/en\/wp-json\/wp\/v2\/media\/7628"}],"wp:attachment":[{"href":"https:\/\/maugojewelry.com\/en\/wp-json\/wp\/v2\/media?parent=7179"}],"wp:term":[{"taxonomy":"product_brand","embeddable":true,"href":"https:\/\/maugojewelry.com\/en\/wp-json\/wp\/v2\/product_brand?post=7179"},{"taxonomy":"product_cat","embeddable":true,"href":"https:\/\/maugojewelry.com\/en\/wp-json\/wp\/v2\/product_cat?post=7179"},{"taxonomy":"product_tag","embeddable":true,"href":"https:\/\/maugojewelry.com\/en\/wp-json\/wp\/v2\/product_tag?post=7179"}],"curies":[{"name":"wp","href":"https:\/\/api.w.org\/{rel}","templated":true}]}}