{"id":7194,"date":"2023-09-04T15:00:07","date_gmt":"2023-09-04T15:00:07","guid":{"rendered":"https:\/\/maugojewelry.com\/?post_type=product&#038;p=7194"},"modified":"2026-04-23T12:29:05","modified_gmt":"2026-04-23T11:29:05","slug":"oval-amber-signet","status":"publish","type":"product","link":"https:\/\/maugojewelry.com\/en\/produkt\/oval-amber-signet\/","title":{"rendered":"Brisa Ring Honey Amber"},"excerpt":{"rendered":"<p>Pier\u015bcionek z naturalnym, r\u0119cznie szlifowanym bursztynem ba\u0142tyckim w kolorze miodowym, wykonany z \u017c\u00f3\u0142tego z\u0142ota 585 (14ct.) lub srebra 925.<\/p>\n<p>&nbsp;<\/p>\n<p>Surowiec: \u017c\u00f3\u0142te z\u0142oto 585\/srebro 925<\/p>\n<p>Kamie\u0144: bursztyn ba\u0142tycki<\/p>\n<p>Wymiary kamienia: oko\u0142o 12 mm x 5 mm<\/p>\n<p>&nbsp;<\/p>\n<p>*Pier\u015bcionek zaprojektowany i wykonany w Polsce.<\/p>\n<p>*Bursztyn jest kamieniem naturalnym i ka\u017cdy egzemplarz mo\u017ce si\u0119 r\u00f3\u017cni\u0107 od tego na zdj\u0119ciu.<\/p>\n","protected":false},"featured_media":7366,"comment_status":"closed","ping_status":"closed","template":"","meta":{"_acf_changed":false},"product_brand":[],"product_cat":[16,17,2068],"product_tag":[],"class_list":{"0":"post-7194","1":"product","2":"type-product","3":"status-publish","4":"has-post-thumbnail","6":"product_cat-all","7":"product_cat-rings","8":"product_cat-solid-gold","10":"first","11":"instock","12":"shipping-taxable","13":"purchasable","14":"product-type-variable"},"acf":[],"aioseo_notices":[],"_links":{"self":[{"href":"https:\/\/maugojewelry.com\/en\/wp-json\/wp\/v2\/product\/7194","targetHints":{"allow":["GET"]}}],"collection":[{"href":"https:\/\/maugojewelry.com\/en\/wp-json\/wp\/v2\/product"}],"about":[{"href":"https:\/\/maugojewelry.com\/en\/wp-json\/wp\/v2\/types\/product"}],"replies":[{"embeddable":true,"href":"https:\/\/maugojewelry.com\/en\/wp-json\/wp\/v2\/comments?post=7194"}],"wp:featuredmedia":[{"embeddable":true,"href":"https:\/\/maugojewelry.com\/en\/wp-json\/wp\/v2\/media\/7366"}],"wp:attachment":[{"href":"https:\/\/maugojewelry.com\/en\/wp-json\/wp\/v2\/media?parent=7194"}],"wp:term":[{"taxonomy":"product_brand","embeddable":true,"href":"https:\/\/maugojewelry.com\/en\/wp-json\/wp\/v2\/product_brand?post=7194"},{"taxonomy":"product_cat","embeddable":true,"href":"https:\/\/maugojewelry.com\/en\/wp-json\/wp\/v2\/product_cat?post=7194"},{"taxonomy":"product_tag","embeddable":true,"href":"https:\/\/maugojewelry.com\/en\/wp-json\/wp\/v2\/product_tag?post=7194"}],"curies":[{"name":"wp","href":"https:\/\/api.w.org\/{rel}","templated":true}]}}