{"id":7204,"date":"2023-09-04T15:00:13","date_gmt":"2023-09-04T15:00:13","guid":{"rendered":"https:\/\/maugojewelry.com\/?post_type=product&#038;p=7204"},"modified":"2025-05-23T11:50:56","modified_gmt":"2025-05-23T10:20:56","slug":"link-necklace","status":"publish","type":"product","link":"https:\/\/maugojewelry.com\/en\/produkt\/link-necklace\/","title":{"rendered":"Link Necklace"},"excerpt":{"rendered":"<p>Naszyjnik Link wykonany r\u0119cznie ze srebra z\u0142oconego w 18-karatowym z\u0142ocie. Naszyjnik sk\u0142ada si\u0119\u00a0 patyczk\u00f3w, ka\u017cdy o d\u0142ugo\u015bci ok 2 cm ,zako\u0144czonych autorskich splotem, kt\u00f3ry tworzy dekoracyjny element naszyjnika.<\/p>\n<p>Materia\u0142: srebro z\u0142ocone 18-karatowym z\u0142otem<\/p>\n<p>D\u0142ugo\u015b\u0107 naszyjnika: 42 cm + 2 cm przed\u0142u\u017cka<\/p>\n","protected":false},"featured_media":7370,"comment_status":"closed","ping_status":"closed","template":"","meta":{"_acf_changed":false},"product_brand":[],"product_cat":[2108,2090],"product_tag":[],"class_list":{"0":"post-7204","1":"product","2":"type-product","3":"status-publish","4":"has-post-thumbnail","6":"product_cat-necklaces-en","7":"product_cat-bez-kategorii","9":"first","10":"outofstock","11":"shipping-taxable","12":"purchasable","13":"product-type-variable"},"acf":[],"aioseo_notices":[],"_links":{"self":[{"href":"https:\/\/maugojewelry.com\/en\/wp-json\/wp\/v2\/product\/7204","targetHints":{"allow":["GET"]}}],"collection":[{"href":"https:\/\/maugojewelry.com\/en\/wp-json\/wp\/v2\/product"}],"about":[{"href":"https:\/\/maugojewelry.com\/en\/wp-json\/wp\/v2\/types\/product"}],"replies":[{"embeddable":true,"href":"https:\/\/maugojewelry.com\/en\/wp-json\/wp\/v2\/comments?post=7204"}],"wp:featuredmedia":[{"embeddable":true,"href":"https:\/\/maugojewelry.com\/en\/wp-json\/wp\/v2\/media\/7370"}],"wp:attachment":[{"href":"https:\/\/maugojewelry.com\/en\/wp-json\/wp\/v2\/media?parent=7204"}],"wp:term":[{"taxonomy":"product_brand","embeddable":true,"href":"https:\/\/maugojewelry.com\/en\/wp-json\/wp\/v2\/product_brand?post=7204"},{"taxonomy":"product_cat","embeddable":true,"href":"https:\/\/maugojewelry.com\/en\/wp-json\/wp\/v2\/product_cat?post=7204"},{"taxonomy":"product_tag","embeddable":true,"href":"https:\/\/maugojewelry.com\/en\/wp-json\/wp\/v2\/product_tag?post=7204"}],"curies":[{"name":"wp","href":"https:\/\/api.w.org\/{rel}","templated":true}]}}