{"id":7262,"date":"2023-09-04T20:45:00","date_gmt":"2023-09-04T20:45:00","guid":{"rendered":"https:\/\/maugojewelry.com\/?post_type=product&#038;p=7262"},"modified":"2026-04-07T15:50:46","modified_gmt":"2026-04-07T14:50:46","slug":"baby-pearl-necklace","status":"publish","type":"product","link":"https:\/\/maugojewelry.com\/en\/produkt\/baby-pearl-necklace\/","title":{"rendered":"Baby Pearl Necklace"},"excerpt":{"rendered":"<p>Naszyjnik Baby Pearl wykonany ze s\u0142odkowodnych pere\u0142 naturalnych o kszta\u0142cie ry\u017cu oraz poz\u0142acanego 18-karatowym z\u0142otem srebra lub srebra 925.<\/p>\n<p>&nbsp;<\/p>\n<p>Surowiec: srebro 925<\/p>\n<p>Per\u0142a: naturalna per\u0142a hodowlana<\/p>\n<p>\u015arednica pere\u0142: oko\u0142o 3 mm<\/p>\n<p>\u015arednica koralik\u00f3w oko\u0142o 4 mm<\/p>\n<p>D\u0142ugo\u015b\u0107 naszyjnika ok 42 cm.<\/p>\n<p>&nbsp;<\/p>\n<p>*Produkt zaprojektowany i wykonany w Polsce.<\/p>\n<p>&nbsp;<\/p>\n","protected":false},"featured_media":7369,"comment_status":"closed","ping_status":"closed","template":"","meta":{"_acf_changed":false},"product_brand":[],"product_cat":[16,20],"product_tag":[],"class_list":{"0":"post-7262","1":"product","2":"type-product","3":"status-publish","4":"has-post-thumbnail","6":"product_cat-all","7":"product_cat-necklaces","9":"first","10":"instock","11":"shipping-taxable","12":"purchasable","13":"product-type-variable"},"acf":[],"aioseo_notices":[],"_links":{"self":[{"href":"https:\/\/maugojewelry.com\/en\/wp-json\/wp\/v2\/product\/7262","targetHints":{"allow":["GET"]}}],"collection":[{"href":"https:\/\/maugojewelry.com\/en\/wp-json\/wp\/v2\/product"}],"about":[{"href":"https:\/\/maugojewelry.com\/en\/wp-json\/wp\/v2\/types\/product"}],"replies":[{"embeddable":true,"href":"https:\/\/maugojewelry.com\/en\/wp-json\/wp\/v2\/comments?post=7262"}],"wp:featuredmedia":[{"embeddable":true,"href":"https:\/\/maugojewelry.com\/en\/wp-json\/wp\/v2\/media\/7369"}],"wp:attachment":[{"href":"https:\/\/maugojewelry.com\/en\/wp-json\/wp\/v2\/media?parent=7262"}],"wp:term":[{"taxonomy":"product_brand","embeddable":true,"href":"https:\/\/maugojewelry.com\/en\/wp-json\/wp\/v2\/product_brand?post=7262"},{"taxonomy":"product_cat","embeddable":true,"href":"https:\/\/maugojewelry.com\/en\/wp-json\/wp\/v2\/product_cat?post=7262"},{"taxonomy":"product_tag","embeddable":true,"href":"https:\/\/maugojewelry.com\/en\/wp-json\/wp\/v2\/product_tag?post=7262"}],"curies":[{"name":"wp","href":"https:\/\/api.w.org\/{rel}","templated":true}]}}