{"id":7266,"date":"2023-09-04T21:16:26","date_gmt":"2023-09-04T21:16:26","guid":{"rendered":"https:\/\/maugojewelry.com\/?post_type=product&#038;p=7266"},"modified":"2025-12-17T00:05:39","modified_gmt":"2025-12-16T23:05:39","slug":"baby-pearl-ring","status":"publish","type":"product","link":"https:\/\/maugojewelry.com\/en\/produkt\/baby-pearl-ring\/","title":{"rendered":"Baby Pearl Ring"},"excerpt":{"rendered":"<p>Pier\u015bcionek wykonany z naturalnych pere\u0142 s\u0142odkowodnych i z\u0142otego koralika. Per\u0142y nawleczone s\u0105 na elastyczn\u0105 gumk\u0119, dzi\u0119ki czemu pier\u015bcionek b\u0119dzie pasowa\u0142 na wiele rozmiar\u00f3w.<\/p>\n<p>&nbsp;<\/p>\n<p>Materia\u0142: per\u0142y s\u0142odkowodne, \u017c\u00f3\u0142te z\u0142oto 585 (14ct.)<\/p>\n<p>\u015arednica koralik\u00f3w oko\u0142o 3 mm<\/p>\n<p>&nbsp;<\/p>\n","protected":false},"featured_media":7367,"comment_status":"closed","ping_status":"closed","template":"","meta":{"_acf_changed":false},"product_brand":[],"product_cat":[17,16,2068],"product_tag":[],"class_list":{"0":"post-7266","1":"product","2":"type-product","3":"status-publish","4":"has-post-thumbnail","6":"product_cat-rings","7":"product_cat-all","8":"product_cat-solid-gold","10":"first","11":"instock","12":"shipping-taxable","13":"purchasable","14":"product-type-variable"},"acf":[],"aioseo_notices":[],"_links":{"self":[{"href":"https:\/\/maugojewelry.com\/en\/wp-json\/wp\/v2\/product\/7266","targetHints":{"allow":["GET"]}}],"collection":[{"href":"https:\/\/maugojewelry.com\/en\/wp-json\/wp\/v2\/product"}],"about":[{"href":"https:\/\/maugojewelry.com\/en\/wp-json\/wp\/v2\/types\/product"}],"replies":[{"embeddable":true,"href":"https:\/\/maugojewelry.com\/en\/wp-json\/wp\/v2\/comments?post=7266"}],"wp:featuredmedia":[{"embeddable":true,"href":"https:\/\/maugojewelry.com\/en\/wp-json\/wp\/v2\/media\/7367"}],"wp:attachment":[{"href":"https:\/\/maugojewelry.com\/en\/wp-json\/wp\/v2\/media?parent=7266"}],"wp:term":[{"taxonomy":"product_brand","embeddable":true,"href":"https:\/\/maugojewelry.com\/en\/wp-json\/wp\/v2\/product_brand?post=7266"},{"taxonomy":"product_cat","embeddable":true,"href":"https:\/\/maugojewelry.com\/en\/wp-json\/wp\/v2\/product_cat?post=7266"},{"taxonomy":"product_tag","embeddable":true,"href":"https:\/\/maugojewelry.com\/en\/wp-json\/wp\/v2\/product_tag?post=7266"}],"curies":[{"name":"wp","href":"https:\/\/api.w.org\/{rel}","templated":true}]}}