{"id":7269,"date":"2023-09-04T21:59:12","date_gmt":"2023-09-04T21:59:12","guid":{"rendered":"https:\/\/maugojewelry.com\/?post_type=product&#038;p=7269"},"modified":"2025-12-19T14:30:56","modified_gmt":"2025-12-19T13:30:56","slug":"baby-pearl-bracelet","status":"publish","type":"product","link":"https:\/\/maugojewelry.com\/en\/produkt\/baby-pearl-bracelet\/","title":{"rendered":"Baby Pearl Bracelet"},"excerpt":{"rendered":"<p>Bransoletka r\u0119cznie wykonana z pere\u0142 oraz koralik\u00f3w z \u017c\u00f3\u0142tego z\u0142ota 585 (14ct.)<\/p>\n<p>&nbsp;<\/p>\n<p>Surowiec: \u017c\u00f3\u0142te z\u0142oto, per\u0142a s\u0142odkowodna<\/p>\n<p>\u015arednica pere\u0142: 3,5 mm oraz 5 mm<\/p>\n<p>\u015arednica koralik\u00f3w: 4mm<\/p>\n<p>&nbsp;<\/p>\n<p>&nbsp;<\/p>\n<p>&nbsp;<\/p>\n","protected":false},"featured_media":7371,"comment_status":"closed","ping_status":"closed","template":"","meta":{"_acf_changed":false},"product_brand":[],"product_cat":[16,19,2068],"product_tag":[],"class_list":{"0":"post-7269","1":"product","2":"type-product","3":"status-publish","4":"has-post-thumbnail","6":"product_cat-all","7":"product_cat-bracelets","8":"product_cat-solid-gold","10":"first","11":"instock","12":"shipping-taxable","13":"purchasable","14":"product-type-variable"},"acf":[],"aioseo_notices":[],"_links":{"self":[{"href":"https:\/\/maugojewelry.com\/en\/wp-json\/wp\/v2\/product\/7269","targetHints":{"allow":["GET"]}}],"collection":[{"href":"https:\/\/maugojewelry.com\/en\/wp-json\/wp\/v2\/product"}],"about":[{"href":"https:\/\/maugojewelry.com\/en\/wp-json\/wp\/v2\/types\/product"}],"replies":[{"embeddable":true,"href":"https:\/\/maugojewelry.com\/en\/wp-json\/wp\/v2\/comments?post=7269"}],"wp:featuredmedia":[{"embeddable":true,"href":"https:\/\/maugojewelry.com\/en\/wp-json\/wp\/v2\/media\/7371"}],"wp:attachment":[{"href":"https:\/\/maugojewelry.com\/en\/wp-json\/wp\/v2\/media?parent=7269"}],"wp:term":[{"taxonomy":"product_brand","embeddable":true,"href":"https:\/\/maugojewelry.com\/en\/wp-json\/wp\/v2\/product_brand?post=7269"},{"taxonomy":"product_cat","embeddable":true,"href":"https:\/\/maugojewelry.com\/en\/wp-json\/wp\/v2\/product_cat?post=7269"},{"taxonomy":"product_tag","embeddable":true,"href":"https:\/\/maugojewelry.com\/en\/wp-json\/wp\/v2\/product_tag?post=7269"}],"curies":[{"name":"wp","href":"https:\/\/api.w.org\/{rel}","templated":true}]}}