{"id":7353,"date":"2024-01-17T17:57:04","date_gmt":"2024-01-17T17:57:04","guid":{"rendered":"https:\/\/maugojewelry.com\/?post_type=product&#038;p=7353"},"modified":"2026-02-05T12:53:40","modified_gmt":"2026-02-05T11:53:40","slug":"diamond-hoop-huggie-earrings","status":"publish","type":"product","link":"https:\/\/maugojewelry.com\/en\/produkt\/diamond-hoop-huggie-earrings\/","title":{"rendered":"Diamond Hoop Huggie Earrings"},"excerpt":{"rendered":"<p>Delikatne kolczyki ko\u0142a wysadzane dziewi\u0119cioma brylantami (0,01 ct). Wykonane z \u017c\u00f3\u0142tego z\u0142ota pr\u00f3by 585 (14ct).<\/p>\n<p>&nbsp;<\/p>\n<ul>\n<li>Surowiec: z\u0142oto 585 (14ct)<\/li>\n<li>Kamie\u0144: brylant, dziewi\u0119\u0107 kamieni 0,01 ct (1,25 mm)<\/li>\n<li>Czysto\u015b\u0107 diamentu: Si1<\/li>\n<li>Wymiary: \u015brednica kolczyka oko\u0142o 10 mm, grubo\u015b\u0107 oko\u0142o 2,5 mm<\/li>\n<\/ul>\n","protected":false},"featured_media":7355,"comment_status":"closed","ping_status":"closed","template":"","meta":{"_acf_changed":false},"product_brand":[],"product_cat":[2126,2090,2112],"product_tag":[],"class_list":{"0":"post-7353","1":"product","2":"type-product","3":"status-publish","4":"has-post-thumbnail","6":"product_cat-earrings-en","7":"product_cat-bez-kategorii","8":"product_cat-solid-gold-en","10":"first","11":"instock","12":"shipping-taxable","13":"purchasable","14":"product-type-variable"},"acf":[],"aioseo_notices":[],"_links":{"self":[{"href":"https:\/\/maugojewelry.com\/en\/wp-json\/wp\/v2\/product\/7353","targetHints":{"allow":["GET"]}}],"collection":[{"href":"https:\/\/maugojewelry.com\/en\/wp-json\/wp\/v2\/product"}],"about":[{"href":"https:\/\/maugojewelry.com\/en\/wp-json\/wp\/v2\/types\/product"}],"replies":[{"embeddable":true,"href":"https:\/\/maugojewelry.com\/en\/wp-json\/wp\/v2\/comments?post=7353"}],"wp:featuredmedia":[{"embeddable":true,"href":"https:\/\/maugojewelry.com\/en\/wp-json\/wp\/v2\/media\/7355"}],"wp:attachment":[{"href":"https:\/\/maugojewelry.com\/en\/wp-json\/wp\/v2\/media?parent=7353"}],"wp:term":[{"taxonomy":"product_brand","embeddable":true,"href":"https:\/\/maugojewelry.com\/en\/wp-json\/wp\/v2\/product_brand?post=7353"},{"taxonomy":"product_cat","embeddable":true,"href":"https:\/\/maugojewelry.com\/en\/wp-json\/wp\/v2\/product_cat?post=7353"},{"taxonomy":"product_tag","embeddable":true,"href":"https:\/\/maugojewelry.com\/en\/wp-json\/wp\/v2\/product_tag?post=7353"}],"curies":[{"name":"wp","href":"https:\/\/api.w.org\/{rel}","templated":true}]}}