{"id":7451,"date":"2024-01-17T18:58:48","date_gmt":"2024-01-17T18:58:48","guid":{"rendered":"https:\/\/maugojewelry.com\/?post_type=product&#038;p=7451"},"modified":"2025-10-01T22:42:52","modified_gmt":"2025-10-01T21:12:52","slug":"diamond-bar-studs","status":"publish","type":"product","link":"https:\/\/maugojewelry.com\/en\/produkt\/diamond-bar-studs\/","title":{"rendered":"Diamond Bar Studs"},"excerpt":{"rendered":"<p>Delikatne kolczyki sztyfty z trzema brylantami o \u015brednicy 1, 25 mm (0.01 ct). Kolczyki wykonane s\u0105 z \u017c\u00f3\u0142tego z\u0142ota pr\u00f3by 585 (14ct).<\/p>\n<p>&nbsp;<\/p>\n<ul>\n<li>Surowiec: \u017c\u00f3\u0142te z\u0142oto<\/li>\n<li>Pr\u00f3ba: 585<\/li>\n<li>Kamie\u0144: brylant<\/li>\n<li>Czysto\u015b\u0107 diamentu: Si1<\/li>\n<li>Wymiary: d\u0142ugo\u015b\u0107 kolczyka to oko\u0142o 5mm<\/li>\n<\/ul>\n","protected":false},"featured_media":7409,"comment_status":"closed","ping_status":"closed","template":"","meta":{"_acf_changed":false},"product_brand":[],"product_cat":[16,18,2068],"product_tag":[],"class_list":{"0":"post-7451","1":"product","2":"type-product","3":"status-publish","4":"has-post-thumbnail","6":"product_cat-all","7":"product_cat-earrings","8":"product_cat-solid-gold","10":"first","11":"instock","12":"shipping-taxable","13":"purchasable","14":"product-type-variable"},"acf":[],"aioseo_notices":[],"_links":{"self":[{"href":"https:\/\/maugojewelry.com\/en\/wp-json\/wp\/v2\/product\/7451","targetHints":{"allow":["GET"]}}],"collection":[{"href":"https:\/\/maugojewelry.com\/en\/wp-json\/wp\/v2\/product"}],"about":[{"href":"https:\/\/maugojewelry.com\/en\/wp-json\/wp\/v2\/types\/product"}],"replies":[{"embeddable":true,"href":"https:\/\/maugojewelry.com\/en\/wp-json\/wp\/v2\/comments?post=7451"}],"wp:featuredmedia":[{"embeddable":true,"href":"https:\/\/maugojewelry.com\/en\/wp-json\/wp\/v2\/media\/7409"}],"wp:attachment":[{"href":"https:\/\/maugojewelry.com\/en\/wp-json\/wp\/v2\/media?parent=7451"}],"wp:term":[{"taxonomy":"product_brand","embeddable":true,"href":"https:\/\/maugojewelry.com\/en\/wp-json\/wp\/v2\/product_brand?post=7451"},{"taxonomy":"product_cat","embeddable":true,"href":"https:\/\/maugojewelry.com\/en\/wp-json\/wp\/v2\/product_cat?post=7451"},{"taxonomy":"product_tag","embeddable":true,"href":"https:\/\/maugojewelry.com\/en\/wp-json\/wp\/v2\/product_tag?post=7451"}],"curies":[{"name":"wp","href":"https:\/\/api.w.org\/{rel}","templated":true}]}}