{"id":7468,"date":"2024-02-01T13:30:04","date_gmt":"2024-02-01T13:30:04","guid":{"rendered":"https:\/\/maugojewelry.com\/?post_type=product&#038;p=7468"},"modified":"2025-10-01T18:20:03","modified_gmt":"2025-10-01T16:50:03","slug":"labradorite-stone-ring","status":"publish","type":"product","link":"https:\/\/maugojewelry.com\/en\/produkt\/labradorite-stone-ring\/","title":{"rendered":"Labradorite Stone Ring"},"excerpt":{"rendered":"<p>Minimalistyczny pier\u015bcionek z naturalnym labradorytem wykonany w z\u0142ocie pr\u00f3by 585 (14ct) lub pozlacany srebrze. Ka\u017cdy egzemplarz jest unikatowy.<\/p>\n<p>&nbsp;<\/p>\n<ul>\n<li>Surowiec: \u017c\u00f3\u0142te z\u0142oto 585 lub srebro 925<\/li>\n<li>Kamie\u0144: labradoryt<\/li>\n<li>Wymiary: kamie\u0144 ma \u015brednic\u0119 6 mm<\/li>\n<\/ul>\n","protected":false},"featured_media":1176,"comment_status":"closed","ping_status":"closed","template":"","meta":{"_acf_changed":false},"product_brand":[],"product_cat":[16,17,2068],"product_tag":[],"class_list":{"0":"post-7468","1":"product","2":"type-product","3":"status-publish","4":"has-post-thumbnail","6":"product_cat-all","7":"product_cat-rings","8":"product_cat-solid-gold","10":"first","11":"instock","12":"shipping-taxable","13":"purchasable","14":"product-type-variable"},"acf":[],"aioseo_notices":[],"_links":{"self":[{"href":"https:\/\/maugojewelry.com\/en\/wp-json\/wp\/v2\/product\/7468","targetHints":{"allow":["GET"]}}],"collection":[{"href":"https:\/\/maugojewelry.com\/en\/wp-json\/wp\/v2\/product"}],"about":[{"href":"https:\/\/maugojewelry.com\/en\/wp-json\/wp\/v2\/types\/product"}],"replies":[{"embeddable":true,"href":"https:\/\/maugojewelry.com\/en\/wp-json\/wp\/v2\/comments?post=7468"}],"wp:featuredmedia":[{"embeddable":true,"href":"https:\/\/maugojewelry.com\/en\/wp-json\/wp\/v2\/media\/1176"}],"wp:attachment":[{"href":"https:\/\/maugojewelry.com\/en\/wp-json\/wp\/v2\/media?parent=7468"}],"wp:term":[{"taxonomy":"product_brand","embeddable":true,"href":"https:\/\/maugojewelry.com\/en\/wp-json\/wp\/v2\/product_brand?post=7468"},{"taxonomy":"product_cat","embeddable":true,"href":"https:\/\/maugojewelry.com\/en\/wp-json\/wp\/v2\/product_cat?post=7468"},{"taxonomy":"product_tag","embeddable":true,"href":"https:\/\/maugojewelry.com\/en\/wp-json\/wp\/v2\/product_tag?post=7468"}],"curies":[{"name":"wp","href":"https:\/\/api.w.org\/{rel}","templated":true}]}}