{"id":7510,"date":"2024-05-13T13:57:44","date_gmt":"2024-05-13T13:57:44","guid":{"rendered":"https:\/\/maugojewelry.com\/?post_type=product&#038;p=7510"},"modified":"2025-12-17T14:22:12","modified_gmt":"2025-12-17T13:22:12","slug":"miarka-jubilerska","status":"publish","type":"product","link":"https:\/\/maugojewelry.com\/en\/produkt\/miarka-jubilerska\/","title":{"rendered":"Miarka Jubilerska"},"excerpt":{"rendered":"<p>Miarka jubilerska do zmierzenia rozmiaru palca. Miernik jest wielokrotnego u\u017cytku, mo\u017cesz go wykorzysta\u0107 ponownie do zmierzenia innego palca.<\/p>\n<p>Miarka jest darmowa- zap\u0142acisz tylko za przesy\u0142k\u0119.<\/p>\n<p>&nbsp;<\/p>\n<p>Jak mierzy\u0107?<\/p>\n<ul>\n<li>Miark\u0105 owi\u0144 ciasno palec, na tyle aby przechodzi\u0142 swobodnie przez kostk\u0119.<\/li>\n<li>Sprawd\u017a wynik w tabeli rozmiar\u00f3w.<\/li>\n<li>Gotowe &#8211; teraz znasz ju\u017c sw\u00f3j rozmiar.<\/li>\n<\/ul>\n<p>&nbsp;<\/p>\n<p>&nbsp;<\/p>\n","protected":false},"featured_media":7511,"comment_status":"closed","ping_status":"closed","template":"","meta":{"_acf_changed":false},"product_brand":[],"product_cat":[2098,2090],"product_tag":[],"class_list":{"0":"post-7510","1":"product","2":"type-product","3":"status-publish","4":"has-post-thumbnail","6":"product_cat-rings-en","7":"product_cat-bez-kategorii","9":"first","10":"outofstock","11":"shipping-taxable","12":"purchasable","13":"product-type-simple"},"acf":[],"aioseo_notices":[],"_links":{"self":[{"href":"https:\/\/maugojewelry.com\/en\/wp-json\/wp\/v2\/product\/7510","targetHints":{"allow":["GET"]}}],"collection":[{"href":"https:\/\/maugojewelry.com\/en\/wp-json\/wp\/v2\/product"}],"about":[{"href":"https:\/\/maugojewelry.com\/en\/wp-json\/wp\/v2\/types\/product"}],"replies":[{"embeddable":true,"href":"https:\/\/maugojewelry.com\/en\/wp-json\/wp\/v2\/comments?post=7510"}],"wp:featuredmedia":[{"embeddable":true,"href":"https:\/\/maugojewelry.com\/en\/wp-json\/wp\/v2\/media\/7511"}],"wp:attachment":[{"href":"https:\/\/maugojewelry.com\/en\/wp-json\/wp\/v2\/media?parent=7510"}],"wp:term":[{"taxonomy":"product_brand","embeddable":true,"href":"https:\/\/maugojewelry.com\/en\/wp-json\/wp\/v2\/product_brand?post=7510"},{"taxonomy":"product_cat","embeddable":true,"href":"https:\/\/maugojewelry.com\/en\/wp-json\/wp\/v2\/product_cat?post=7510"},{"taxonomy":"product_tag","embeddable":true,"href":"https:\/\/maugojewelry.com\/en\/wp-json\/wp\/v2\/product_tag?post=7510"}],"curies":[{"name":"wp","href":"https:\/\/api.w.org\/{rel}","templated":true}]}}