{"id":7636,"date":"2024-07-21T20:43:58","date_gmt":"2024-07-21T20:43:58","guid":{"rendered":"https:\/\/maugojewelry.com\/?post_type=product&#038;p=7636"},"modified":"2026-01-21T01:59:05","modified_gmt":"2026-01-21T00:59:05","slug":"coral-charm-necklace","status":"publish","type":"product","link":"https:\/\/maugojewelry.com\/en\/produkt\/coral-charm-necklace\/","title":{"rendered":"Coral Charm Necklace"},"excerpt":{"rendered":"<p>Delikatny naszyjnik z\u00a0 okr\u0105g\u0142\u0105, lekko wypuk\u0142\u0105 zawieszk\u0105 z czerwonym koralem. Wykonany z \u017c\u00f3\u0142tego z\u0142ota 585 (14ct.).<\/p>\n<p>&nbsp;<\/p>\n<p>Surowiec: \u017c\u00f3\u0142te z\u0142oto 585 ( 14ct.)<\/p>\n<p>Kamie\u0144: koral<\/p>\n<p>Wymiary kamienia: 4 mm<\/p>\n","protected":false},"featured_media":7620,"comment_status":"closed","ping_status":"closed","template":"","meta":{"_acf_changed":false},"product_brand":[],"product_cat":[20,16,2068],"product_tag":[],"class_list":{"0":"post-7636","1":"product","2":"type-product","3":"status-publish","4":"has-post-thumbnail","6":"product_cat-necklaces","7":"product_cat-all","8":"product_cat-solid-gold","10":"first","11":"instock","12":"shipping-taxable","13":"purchasable","14":"product-type-variable"},"acf":[],"aioseo_notices":[],"_links":{"self":[{"href":"https:\/\/maugojewelry.com\/en\/wp-json\/wp\/v2\/product\/7636","targetHints":{"allow":["GET"]}}],"collection":[{"href":"https:\/\/maugojewelry.com\/en\/wp-json\/wp\/v2\/product"}],"about":[{"href":"https:\/\/maugojewelry.com\/en\/wp-json\/wp\/v2\/types\/product"}],"replies":[{"embeddable":true,"href":"https:\/\/maugojewelry.com\/en\/wp-json\/wp\/v2\/comments?post=7636"}],"wp:featuredmedia":[{"embeddable":true,"href":"https:\/\/maugojewelry.com\/en\/wp-json\/wp\/v2\/media\/7620"}],"wp:attachment":[{"href":"https:\/\/maugojewelry.com\/en\/wp-json\/wp\/v2\/media?parent=7636"}],"wp:term":[{"taxonomy":"product_brand","embeddable":true,"href":"https:\/\/maugojewelry.com\/en\/wp-json\/wp\/v2\/product_brand?post=7636"},{"taxonomy":"product_cat","embeddable":true,"href":"https:\/\/maugojewelry.com\/en\/wp-json\/wp\/v2\/product_cat?post=7636"},{"taxonomy":"product_tag","embeddable":true,"href":"https:\/\/maugojewelry.com\/en\/wp-json\/wp\/v2\/product_tag?post=7636"}],"curies":[{"name":"wp","href":"https:\/\/api.w.org\/{rel}","templated":true}]}}