{"id":7735,"date":"2024-08-09T14:00:26","date_gmt":"2024-08-09T14:00:26","guid":{"rendered":"https:\/\/maugojewelry.com\/?post_type=product&#038;p=7735"},"modified":"2026-04-07T14:42:29","modified_gmt":"2026-04-07T13:42:29","slug":"foam-open-ring","status":"publish","type":"product","link":"https:\/\/maugojewelry.com\/en\/produkt\/foam-open-ring\/","title":{"rendered":"Foam Open Ring"},"excerpt":{"rendered":"<p>Delikatny pier\u015bcionek z ma\u0142ymi kuleczkami nawi\u0105zuj\u0105cymi do spieniaj\u0105cej si\u0119 wody morskiej. Wykonany w srebrze 925 lub srebrze z\u0142oconym 18-karatowym z\u0142otem.<\/p>\n<p>&nbsp;<\/p>\n<p>Szeroko\u015b\u0107 pier\u015bcionka: 2,5 mm<\/p>\n<p>Waga: ~1,6 g<\/p>\n","protected":false},"featured_media":7706,"comment_status":"closed","ping_status":"closed","template":"","meta":{"_acf_changed":false},"product_brand":[],"product_cat":[2090,2098],"product_tag":[],"class_list":{"0":"post-7735","1":"product","2":"type-product","3":"status-publish","4":"has-post-thumbnail","6":"product_cat-bez-kategorii","7":"product_cat-rings-en","9":"first","10":"instock","11":"shipping-taxable","12":"purchasable","13":"product-type-variable"},"acf":[],"aioseo_notices":[],"_links":{"self":[{"href":"https:\/\/maugojewelry.com\/en\/wp-json\/wp\/v2\/product\/7735","targetHints":{"allow":["GET"]}}],"collection":[{"href":"https:\/\/maugojewelry.com\/en\/wp-json\/wp\/v2\/product"}],"about":[{"href":"https:\/\/maugojewelry.com\/en\/wp-json\/wp\/v2\/types\/product"}],"replies":[{"embeddable":true,"href":"https:\/\/maugojewelry.com\/en\/wp-json\/wp\/v2\/comments?post=7735"}],"wp:featuredmedia":[{"embeddable":true,"href":"https:\/\/maugojewelry.com\/en\/wp-json\/wp\/v2\/media\/7706"}],"wp:attachment":[{"href":"https:\/\/maugojewelry.com\/en\/wp-json\/wp\/v2\/media?parent=7735"}],"wp:term":[{"taxonomy":"product_brand","embeddable":true,"href":"https:\/\/maugojewelry.com\/en\/wp-json\/wp\/v2\/product_brand?post=7735"},{"taxonomy":"product_cat","embeddable":true,"href":"https:\/\/maugojewelry.com\/en\/wp-json\/wp\/v2\/product_cat?post=7735"},{"taxonomy":"product_tag","embeddable":true,"href":"https:\/\/maugojewelry.com\/en\/wp-json\/wp\/v2\/product_tag?post=7735"}],"curies":[{"name":"wp","href":"https:\/\/api.w.org\/{rel}","templated":true}]}}