{"id":774,"date":"2021-08-30T15:16:49","date_gmt":"2021-08-30T15:16:49","guid":{"rendered":"https:\/\/maugojewelry.com\/?post_type=product&#038;p=774"},"modified":"2026-01-07T12:52:05","modified_gmt":"2026-01-07T11:52:05","slug":"round-initial-disc-necklace","status":"publish","type":"product","link":"https:\/\/maugojewelry.com\/en\/produkt\/round-initial-disc-necklace\/","title":{"rendered":"Round Initial Disc Necklace"},"excerpt":{"rendered":"<p>Naszyjnik z okr\u0105g\u0142ym medalionem o lustrzanej powierzchni wykonany tradycyjnymi technikami jubilerskimi w \u017c\u00f3\u0142tym z\u0142ocie 585 (14ct.). Naszyjnik\u00a0 mo\u017ce by\u0107 personalizowany grawerem.<\/p>\n<p>&nbsp;<\/p>\n<ul>\n<li>Surowiec: \u017c\u00f3\u0142te z\u0142oto 585<\/li>\n<li>Tarcza wisiora wynosi 12 mm<\/li>\n<li>Grawer jednej litery jest w cenie produktu<\/li>\n<li>Bi\u017cuteria personalizowana grawerem nie podlega zwrotowi<\/li>\n<\/ul>\n","protected":false},"featured_media":776,"comment_status":"open","ping_status":"closed","template":"","meta":{"_acf_changed":false},"product_brand":[],"product_cat":[2090,2108,2112],"product_tag":[],"class_list":{"0":"post-774","1":"product","2":"type-product","3":"status-publish","4":"has-post-thumbnail","6":"product_cat-bez-kategorii","7":"product_cat-necklaces-en","8":"product_cat-solid-gold-en","10":"first","11":"instock","12":"shipping-taxable","13":"purchasable","14":"product-type-variable"},"acf":[],"aioseo_notices":[],"_links":{"self":[{"href":"https:\/\/maugojewelry.com\/en\/wp-json\/wp\/v2\/product\/774","targetHints":{"allow":["GET"]}}],"collection":[{"href":"https:\/\/maugojewelry.com\/en\/wp-json\/wp\/v2\/product"}],"about":[{"href":"https:\/\/maugojewelry.com\/en\/wp-json\/wp\/v2\/types\/product"}],"replies":[{"embeddable":true,"href":"https:\/\/maugojewelry.com\/en\/wp-json\/wp\/v2\/comments?post=774"}],"wp:featuredmedia":[{"embeddable":true,"href":"https:\/\/maugojewelry.com\/en\/wp-json\/wp\/v2\/media\/776"}],"wp:attachment":[{"href":"https:\/\/maugojewelry.com\/en\/wp-json\/wp\/v2\/media?parent=774"}],"wp:term":[{"taxonomy":"product_brand","embeddable":true,"href":"https:\/\/maugojewelry.com\/en\/wp-json\/wp\/v2\/product_brand?post=774"},{"taxonomy":"product_cat","embeddable":true,"href":"https:\/\/maugojewelry.com\/en\/wp-json\/wp\/v2\/product_cat?post=774"},{"taxonomy":"product_tag","embeddable":true,"href":"https:\/\/maugojewelry.com\/en\/wp-json\/wp\/v2\/product_tag?post=774"}],"curies":[{"name":"wp","href":"https:\/\/api.w.org\/{rel}","templated":true}]}}