{"id":7742,"date":"2024-08-09T14:00:40","date_gmt":"2024-08-09T14:00:40","guid":{"rendered":"https:\/\/maugojewelry.com\/?post_type=product&#038;p=7742"},"modified":"2026-04-07T14:36:40","modified_gmt":"2026-04-07T13:36:40","slug":"marea-pinky-ring","status":"publish","type":"product","link":"https:\/\/maugojewelry.com\/en\/produkt\/marea-pinky-ring\/","title":{"rendered":"Marea Pinky Ring"},"excerpt":{"rendered":"<p>Minimalistyczny sygnet na ma\u0142y palec o kszta\u0142cie fali. Wykonany ze srebra 925.<\/p>\n<p>&nbsp;<\/p>\n<p>Szeroko\u015b\u0107 pier\u015bcionka: 7 &#8211; 2 ,8 mm<\/p>\n<p>Waga: ~ 2,3 g<\/p>\n<p>&nbsp;<\/p>\n<p>*Produkt zaprojektowany i wykonany w Polsce<\/p>\n","protected":false},"featured_media":7702,"comment_status":"closed","ping_status":"closed","template":"","meta":{"_acf_changed":false},"product_brand":[],"product_cat":[2090,2098],"product_tag":[],"class_list":{"0":"post-7742","1":"product","2":"type-product","3":"status-publish","4":"has-post-thumbnail","6":"product_cat-bez-kategorii","7":"product_cat-rings-en","9":"first","10":"instock","11":"shipping-taxable","12":"purchasable","13":"product-type-variable"},"acf":[],"aioseo_notices":[],"_links":{"self":[{"href":"https:\/\/maugojewelry.com\/en\/wp-json\/wp\/v2\/product\/7742","targetHints":{"allow":["GET"]}}],"collection":[{"href":"https:\/\/maugojewelry.com\/en\/wp-json\/wp\/v2\/product"}],"about":[{"href":"https:\/\/maugojewelry.com\/en\/wp-json\/wp\/v2\/types\/product"}],"replies":[{"embeddable":true,"href":"https:\/\/maugojewelry.com\/en\/wp-json\/wp\/v2\/comments?post=7742"}],"wp:featuredmedia":[{"embeddable":true,"href":"https:\/\/maugojewelry.com\/en\/wp-json\/wp\/v2\/media\/7702"}],"wp:attachment":[{"href":"https:\/\/maugojewelry.com\/en\/wp-json\/wp\/v2\/media?parent=7742"}],"wp:term":[{"taxonomy":"product_brand","embeddable":true,"href":"https:\/\/maugojewelry.com\/en\/wp-json\/wp\/v2\/product_brand?post=7742"},{"taxonomy":"product_cat","embeddable":true,"href":"https:\/\/maugojewelry.com\/en\/wp-json\/wp\/v2\/product_cat?post=7742"},{"taxonomy":"product_tag","embeddable":true,"href":"https:\/\/maugojewelry.com\/en\/wp-json\/wp\/v2\/product_tag?post=7742"}],"curies":[{"name":"wp","href":"https:\/\/api.w.org\/{rel}","templated":true}]}}