{"id":7750,"date":"2024-08-09T14:00:30","date_gmt":"2024-08-09T14:00:30","guid":{"rendered":"https:\/\/maugojewelry.com\/?post_type=product&#038;p=7750"},"modified":"2026-04-07T14:34:30","modified_gmt":"2026-04-07T13:34:30","slug":"double-dome-ring","status":"publish","type":"product","link":"https:\/\/maugojewelry.com\/en\/produkt\/double-dome-ring\/","title":{"rendered":"Double D\u00f4me Ring"},"excerpt":{"rendered":"<p>Najnowsza ods\u0142ona pier\u015bcionka z serii D\u00f4me. Podw\u00f3jna obr\u0105czka o nieregularnym splocie w kszta\u0142cie kopu\u0142y. Wykonana ze srebra 925 lub srebra z\u0142oconego 18-karatowym srebrem.<\/p>\n<p>&nbsp;<\/p>\n<p>Szeroko\u015b\u0107 obr\u0105czki: 11 &#8211; 2,7 mm<\/p>\n<p>Waga: ~ 2,65 g<\/p>\n","protected":false},"featured_media":7703,"comment_status":"closed","ping_status":"closed","template":"","meta":{"_acf_changed":false},"product_brand":[],"product_cat":[16,17],"product_tag":[],"class_list":{"0":"post-7750","1":"product","2":"type-product","3":"status-publish","4":"has-post-thumbnail","6":"product_cat-all","7":"product_cat-rings","9":"first","10":"instock","11":"shipping-taxable","12":"purchasable","13":"product-type-variable"},"acf":[],"aioseo_notices":[],"_links":{"self":[{"href":"https:\/\/maugojewelry.com\/en\/wp-json\/wp\/v2\/product\/7750","targetHints":{"allow":["GET"]}}],"collection":[{"href":"https:\/\/maugojewelry.com\/en\/wp-json\/wp\/v2\/product"}],"about":[{"href":"https:\/\/maugojewelry.com\/en\/wp-json\/wp\/v2\/types\/product"}],"replies":[{"embeddable":true,"href":"https:\/\/maugojewelry.com\/en\/wp-json\/wp\/v2\/comments?post=7750"}],"wp:featuredmedia":[{"embeddable":true,"href":"https:\/\/maugojewelry.com\/en\/wp-json\/wp\/v2\/media\/7703"}],"wp:attachment":[{"href":"https:\/\/maugojewelry.com\/en\/wp-json\/wp\/v2\/media?parent=7750"}],"wp:term":[{"taxonomy":"product_brand","embeddable":true,"href":"https:\/\/maugojewelry.com\/en\/wp-json\/wp\/v2\/product_brand?post=7750"},{"taxonomy":"product_cat","embeddable":true,"href":"https:\/\/maugojewelry.com\/en\/wp-json\/wp\/v2\/product_cat?post=7750"},{"taxonomy":"product_tag","embeddable":true,"href":"https:\/\/maugojewelry.com\/en\/wp-json\/wp\/v2\/product_tag?post=7750"}],"curies":[{"name":"wp","href":"https:\/\/api.w.org\/{rel}","templated":true}]}}