{"id":7767,"date":"2024-08-09T14:00:46","date_gmt":"2024-08-09T14:00:46","guid":{"rendered":"https:\/\/maugojewelry.com\/?post_type=product&#038;p=7767"},"modified":"2026-04-07T14:23:35","modified_gmt":"2026-04-07T13:23:35","slug":"pebbles-earrings","status":"publish","type":"product","link":"https:\/\/maugojewelry.com\/en\/produkt\/pebbles-earrings\/","title":{"rendered":"Pebbles Earrings"},"excerpt":{"rendered":"<p>Masywne w odbiorze, lekkie na uchu. Kolczyki Pebbles zakrywaj\u0105 p\u0142atki ucha w naturalny owalny kszta\u0142t. Wykonane ze srebra 925 lub srebra poz\u0142acanego 18-karatowym z\u0142otem b\u0119d\u0105 doskona\u0142ym uzupe\u0142nieniem ka\u017cdej stylizacji.<\/p>\n<p>&nbsp;<\/p>\n<p>Zapinane na sztyfty<\/p>\n<p>Ca\u0142kowita d\u0142ugo\u015b\u0107 kolczyka to 25 mm<\/p>\n<p>Waga: 6 g para<\/p>\n","protected":false},"featured_media":7725,"comment_status":"closed","ping_status":"closed","template":"","meta":{"_acf_changed":false},"product_brand":[],"product_cat":[16,18],"product_tag":[],"class_list":{"0":"post-7767","1":"product","2":"type-product","3":"status-publish","4":"has-post-thumbnail","6":"product_cat-all","7":"product_cat-earrings","9":"first","10":"instock","11":"shipping-taxable","12":"purchasable","13":"product-type-variable"},"acf":[],"aioseo_notices":[],"_links":{"self":[{"href":"https:\/\/maugojewelry.com\/en\/wp-json\/wp\/v2\/product\/7767","targetHints":{"allow":["GET"]}}],"collection":[{"href":"https:\/\/maugojewelry.com\/en\/wp-json\/wp\/v2\/product"}],"about":[{"href":"https:\/\/maugojewelry.com\/en\/wp-json\/wp\/v2\/types\/product"}],"replies":[{"embeddable":true,"href":"https:\/\/maugojewelry.com\/en\/wp-json\/wp\/v2\/comments?post=7767"}],"wp:featuredmedia":[{"embeddable":true,"href":"https:\/\/maugojewelry.com\/en\/wp-json\/wp\/v2\/media\/7725"}],"wp:attachment":[{"href":"https:\/\/maugojewelry.com\/en\/wp-json\/wp\/v2\/media?parent=7767"}],"wp:term":[{"taxonomy":"product_brand","embeddable":true,"href":"https:\/\/maugojewelry.com\/en\/wp-json\/wp\/v2\/product_brand?post=7767"},{"taxonomy":"product_cat","embeddable":true,"href":"https:\/\/maugojewelry.com\/en\/wp-json\/wp\/v2\/product_cat?post=7767"},{"taxonomy":"product_tag","embeddable":true,"href":"https:\/\/maugojewelry.com\/en\/wp-json\/wp\/v2\/product_tag?post=7767"}],"curies":[{"name":"wp","href":"https:\/\/api.w.org\/{rel}","templated":true}]}}