{"id":7770,"date":"2024-08-09T14:00:30","date_gmt":"2024-08-09T14:00:30","guid":{"rendered":"https:\/\/maugojewelry.com\/?post_type=product&#038;p=7770"},"modified":"2026-04-07T14:20:11","modified_gmt":"2026-04-07T13:20:11","slug":"mini-pebbles-earrings","status":"publish","type":"product","link":"https:\/\/maugojewelry.com\/en\/produkt\/mini-pebbles-earrings\/","title":{"rendered":"Mini Pebbles Earrings"},"excerpt":{"rendered":"<p>Mini wersja kolczyk\u00f3w pebbles wykonana r\u0119cznie w srebrze 925 lub srebrze z\u0142oconym 18-karatowym z\u0142otem.<\/p>\n<p>&nbsp;<\/p>\n<p>Zapinane na sztyfty<\/p>\n<p>Ca\u0142kowita d\u0142ugo\u015b\u0107 kolczyka: 10mm<\/p>\n<p>Waga: ~ 1,2 g para<\/p>\n","protected":false},"featured_media":7726,"comment_status":"closed","ping_status":"closed","template":"","meta":{"_acf_changed":false},"product_brand":[],"product_cat":[16,18],"product_tag":[],"class_list":{"0":"post-7770","1":"product","2":"type-product","3":"status-publish","4":"has-post-thumbnail","6":"product_cat-all","7":"product_cat-earrings","9":"first","10":"instock","11":"shipping-taxable","12":"purchasable","13":"product-type-variable"},"acf":[],"aioseo_notices":[],"_links":{"self":[{"href":"https:\/\/maugojewelry.com\/en\/wp-json\/wp\/v2\/product\/7770","targetHints":{"allow":["GET"]}}],"collection":[{"href":"https:\/\/maugojewelry.com\/en\/wp-json\/wp\/v2\/product"}],"about":[{"href":"https:\/\/maugojewelry.com\/en\/wp-json\/wp\/v2\/types\/product"}],"replies":[{"embeddable":true,"href":"https:\/\/maugojewelry.com\/en\/wp-json\/wp\/v2\/comments?post=7770"}],"wp:featuredmedia":[{"embeddable":true,"href":"https:\/\/maugojewelry.com\/en\/wp-json\/wp\/v2\/media\/7726"}],"wp:attachment":[{"href":"https:\/\/maugojewelry.com\/en\/wp-json\/wp\/v2\/media?parent=7770"}],"wp:term":[{"taxonomy":"product_brand","embeddable":true,"href":"https:\/\/maugojewelry.com\/en\/wp-json\/wp\/v2\/product_brand?post=7770"},{"taxonomy":"product_cat","embeddable":true,"href":"https:\/\/maugojewelry.com\/en\/wp-json\/wp\/v2\/product_cat?post=7770"},{"taxonomy":"product_tag","embeddable":true,"href":"https:\/\/maugojewelry.com\/en\/wp-json\/wp\/v2\/product_tag?post=7770"}],"curies":[{"name":"wp","href":"https:\/\/api.w.org\/{rel}","templated":true}]}}