{"id":7772,"date":"2024-08-09T14:00:48","date_gmt":"2024-08-09T14:00:48","guid":{"rendered":"https:\/\/maugojewelry.com\/?post_type=product&#038;p=7772"},"modified":"2026-04-07T14:15:50","modified_gmt":"2026-04-07T13:15:50","slug":"double-dome-earrings","status":"publish","type":"product","link":"https:\/\/maugojewelry.com\/en\/produkt\/double-dome-earrings\/","title":{"rendered":"Double D\u00f4me Earrings"},"excerpt":{"rendered":"<p>Subtelne i ponadczasowe kolczyki ko\u0142a b\u0119d\u0105 doskona\u0142ym wyko\u0144czeniem ka\u017cdej stylizacji. Wykonane ze srebra 925. Sprzedawane jako para.<\/p>\n<p>&nbsp;<\/p>\n<p>Metal: srebro 925 lub srebro 925 poz\u0142acane 24-karatowym z\u0142otem<\/p>\n<p>\u015arednica kolczyka 15 mm<\/p>\n<p>Waga: ~ 3,5 g para<\/p>\n","protected":false},"featured_media":7729,"comment_status":"closed","ping_status":"closed","template":"","meta":{"_acf_changed":false},"product_brand":[],"product_cat":[16,18],"product_tag":[],"class_list":{"0":"post-7772","1":"product","2":"type-product","3":"status-publish","4":"has-post-thumbnail","6":"product_cat-all","7":"product_cat-earrings","9":"first","10":"instock","11":"shipping-taxable","12":"purchasable","13":"product-type-variable"},"acf":[],"aioseo_notices":[],"_links":{"self":[{"href":"https:\/\/maugojewelry.com\/en\/wp-json\/wp\/v2\/product\/7772","targetHints":{"allow":["GET"]}}],"collection":[{"href":"https:\/\/maugojewelry.com\/en\/wp-json\/wp\/v2\/product"}],"about":[{"href":"https:\/\/maugojewelry.com\/en\/wp-json\/wp\/v2\/types\/product"}],"replies":[{"embeddable":true,"href":"https:\/\/maugojewelry.com\/en\/wp-json\/wp\/v2\/comments?post=7772"}],"wp:featuredmedia":[{"embeddable":true,"href":"https:\/\/maugojewelry.com\/en\/wp-json\/wp\/v2\/media\/7729"}],"wp:attachment":[{"href":"https:\/\/maugojewelry.com\/en\/wp-json\/wp\/v2\/media?parent=7772"}],"wp:term":[{"taxonomy":"product_brand","embeddable":true,"href":"https:\/\/maugojewelry.com\/en\/wp-json\/wp\/v2\/product_brand?post=7772"},{"taxonomy":"product_cat","embeddable":true,"href":"https:\/\/maugojewelry.com\/en\/wp-json\/wp\/v2\/product_cat?post=7772"},{"taxonomy":"product_tag","embeddable":true,"href":"https:\/\/maugojewelry.com\/en\/wp-json\/wp\/v2\/product_tag?post=7772"}],"curies":[{"name":"wp","href":"https:\/\/api.w.org\/{rel}","templated":true}]}}