{"id":7774,"date":"2024-08-09T14:00:53","date_gmt":"2024-08-09T14:00:53","guid":{"rendered":"https:\/\/maugojewelry.com\/?post_type=product&#038;p=7774"},"modified":"2026-04-07T14:21:47","modified_gmt":"2026-04-07T13:21:47","slug":"orb-earrings","status":"publish","type":"product","link":"https:\/\/maugojewelry.com\/en\/produkt\/orb-earrings\/","title":{"rendered":"Orb Earrings"},"excerpt":{"rendered":"<p>Nowoczesna i elegancka alternatywa dla klasycznych k\u00f3\u0142, kolczyki orb zapinane na sztyfty, idealnie pasuj\u0105 do ka\u017cdej stylizacji.\u00a0 Wykonane ze srebra 925.<\/p>\n<p>&nbsp;<\/p>\n<p>Sprzedawane jako para<\/p>\n<p>Ca\u0142kowita wysoko\u015b\u0107 12,5 mm, szeroko\u015b\u0107 12,5 mm<\/p>\n<p>Wewn\u0119trzna wysoko\u015b\u0107: 10 mm<\/p>\n<p>Waga: 5,5 g para<\/p>\n<p>&nbsp;<\/p>\n","protected":false},"featured_media":7724,"comment_status":"closed","ping_status":"closed","template":"","meta":{"_acf_changed":false},"product_brand":[],"product_cat":[2126,2090],"product_tag":[],"class_list":{"0":"post-7774","1":"product","2":"type-product","3":"status-publish","4":"has-post-thumbnail","6":"product_cat-earrings-en","7":"product_cat-bez-kategorii","9":"first","10":"instock","11":"shipping-taxable","12":"purchasable","13":"product-type-variable"},"acf":[],"aioseo_notices":[],"_links":{"self":[{"href":"https:\/\/maugojewelry.com\/en\/wp-json\/wp\/v2\/product\/7774","targetHints":{"allow":["GET"]}}],"collection":[{"href":"https:\/\/maugojewelry.com\/en\/wp-json\/wp\/v2\/product"}],"about":[{"href":"https:\/\/maugojewelry.com\/en\/wp-json\/wp\/v2\/types\/product"}],"replies":[{"embeddable":true,"href":"https:\/\/maugojewelry.com\/en\/wp-json\/wp\/v2\/comments?post=7774"}],"wp:featuredmedia":[{"embeddable":true,"href":"https:\/\/maugojewelry.com\/en\/wp-json\/wp\/v2\/media\/7724"}],"wp:attachment":[{"href":"https:\/\/maugojewelry.com\/en\/wp-json\/wp\/v2\/media?parent=7774"}],"wp:term":[{"taxonomy":"product_brand","embeddable":true,"href":"https:\/\/maugojewelry.com\/en\/wp-json\/wp\/v2\/product_brand?post=7774"},{"taxonomy":"product_cat","embeddable":true,"href":"https:\/\/maugojewelry.com\/en\/wp-json\/wp\/v2\/product_cat?post=7774"},{"taxonomy":"product_tag","embeddable":true,"href":"https:\/\/maugojewelry.com\/en\/wp-json\/wp\/v2\/product_tag?post=7774"}],"curies":[{"name":"wp","href":"https:\/\/api.w.org\/{rel}","templated":true}]}}