{"id":7788,"date":"2024-08-09T14:00:19","date_gmt":"2024-08-09T14:00:19","guid":{"rendered":"https:\/\/maugojewelry.com\/?post_type=product&#038;p=7788"},"modified":"2026-04-07T14:21:07","modified_gmt":"2026-04-07T13:21:07","slug":"onda-earrings","status":"publish","type":"product","link":"https:\/\/maugojewelry.com\/en\/produkt\/onda-earrings\/","title":{"rendered":"Onda Earrings"},"excerpt":{"rendered":"<p>S\u0142owo &#8216;onda&#8217; w j\u0119zyku hiszpa\u0144skim oznacza fala. Tym te\u017c inspirowane s\u0105 nasze kolczyki, kt\u00f3rych nieregularny kszta\u0142t przypomina fale morskie. B\u0119d\u0105 one te\u017c idealn\u0105 alternatyw\u0105 dla klasycznych kolczyk\u00f3w &#8211; k\u00f3\u0142. Dost\u0119pne w srebrze lub srebrze z\u0142oconym 18-karatowym z\u0142otem.<\/p>\n<p>&nbsp;<\/p>\n<p>Sprzedawane jako para.<\/p>\n<p>Zapinane na klasyczne baranki.<\/p>\n<p>Kolczyk ma \u015brednic\u0119 ~ 25 mm<\/p>\n<p>Waga: 4,3 g<\/p>\n","protected":false},"featured_media":7730,"comment_status":"closed","ping_status":"closed","template":"","meta":{"_acf_changed":false},"product_brand":[],"product_cat":[16,18],"product_tag":[],"class_list":{"0":"post-7788","1":"product","2":"type-product","3":"status-publish","4":"has-post-thumbnail","6":"product_cat-all","7":"product_cat-earrings","9":"first","10":"instock","11":"shipping-taxable","12":"purchasable","13":"product-type-variable"},"acf":[],"aioseo_notices":[],"_links":{"self":[{"href":"https:\/\/maugojewelry.com\/en\/wp-json\/wp\/v2\/product\/7788","targetHints":{"allow":["GET"]}}],"collection":[{"href":"https:\/\/maugojewelry.com\/en\/wp-json\/wp\/v2\/product"}],"about":[{"href":"https:\/\/maugojewelry.com\/en\/wp-json\/wp\/v2\/types\/product"}],"replies":[{"embeddable":true,"href":"https:\/\/maugojewelry.com\/en\/wp-json\/wp\/v2\/comments?post=7788"}],"wp:featuredmedia":[{"embeddable":true,"href":"https:\/\/maugojewelry.com\/en\/wp-json\/wp\/v2\/media\/7730"}],"wp:attachment":[{"href":"https:\/\/maugojewelry.com\/en\/wp-json\/wp\/v2\/media?parent=7788"}],"wp:term":[{"taxonomy":"product_brand","embeddable":true,"href":"https:\/\/maugojewelry.com\/en\/wp-json\/wp\/v2\/product_brand?post=7788"},{"taxonomy":"product_cat","embeddable":true,"href":"https:\/\/maugojewelry.com\/en\/wp-json\/wp\/v2\/product_cat?post=7788"},{"taxonomy":"product_tag","embeddable":true,"href":"https:\/\/maugojewelry.com\/en\/wp-json\/wp\/v2\/product_tag?post=7788"}],"curies":[{"name":"wp","href":"https:\/\/api.w.org\/{rel}","templated":true}]}}