{"id":7797,"date":"2024-08-09T14:00:26","date_gmt":"2024-08-09T14:00:26","guid":{"rendered":"https:\/\/maugojewelry.com\/?post_type=product&#038;p=7797"},"modified":"2026-03-08T20:10:00","modified_gmt":"2026-03-08T19:10:00","slug":"gotas-earrings","status":"publish","type":"product","link":"https:\/\/maugojewelry.com\/en\/produkt\/gotas-earrings\/","title":{"rendered":"Gotas Earrings"},"excerpt":{"rendered":"<p>Delikatne kolczyki z kryszta\u0142em g\u00f3rskim przypominaj\u0105ce kropelki wody. Wykonane r\u0119cznie ze srebra z\u0142oconego 18-karatowym z\u0142otem.<\/p>\n<p>&nbsp;<\/p>\n<p>Materia\u0142: kryszta\u0142 g\u00f3rski, srebro<\/p>\n<p>Kamie\u0144 ma \u015brednic\u0119 ~ 12mm<\/p>\n<p>Waga: 5,8g<\/p>\n<p>Sprzedawane jako para<\/p>\n<p>&nbsp;<\/p>\n","protected":false},"featured_media":7633,"comment_status":"closed","ping_status":"closed","template":"","meta":{"_acf_changed":false},"product_brand":[],"product_cat":[2126,2090],"product_tag":[],"class_list":{"0":"post-7797","1":"product","2":"type-product","3":"status-publish","4":"has-post-thumbnail","6":"product_cat-earrings-en","7":"product_cat-bez-kategorii","9":"first","10":"instock","11":"shipping-taxable","12":"purchasable","13":"product-type-variable"},"acf":[],"aioseo_notices":[],"_links":{"self":[{"href":"https:\/\/maugojewelry.com\/en\/wp-json\/wp\/v2\/product\/7797","targetHints":{"allow":["GET"]}}],"collection":[{"href":"https:\/\/maugojewelry.com\/en\/wp-json\/wp\/v2\/product"}],"about":[{"href":"https:\/\/maugojewelry.com\/en\/wp-json\/wp\/v2\/types\/product"}],"replies":[{"embeddable":true,"href":"https:\/\/maugojewelry.com\/en\/wp-json\/wp\/v2\/comments?post=7797"}],"wp:featuredmedia":[{"embeddable":true,"href":"https:\/\/maugojewelry.com\/en\/wp-json\/wp\/v2\/media\/7633"}],"wp:attachment":[{"href":"https:\/\/maugojewelry.com\/en\/wp-json\/wp\/v2\/media?parent=7797"}],"wp:term":[{"taxonomy":"product_brand","embeddable":true,"href":"https:\/\/maugojewelry.com\/en\/wp-json\/wp\/v2\/product_brand?post=7797"},{"taxonomy":"product_cat","embeddable":true,"href":"https:\/\/maugojewelry.com\/en\/wp-json\/wp\/v2\/product_cat?post=7797"},{"taxonomy":"product_tag","embeddable":true,"href":"https:\/\/maugojewelry.com\/en\/wp-json\/wp\/v2\/product_tag?post=7797"}],"curies":[{"name":"wp","href":"https:\/\/api.w.org\/{rel}","templated":true}]}}