{"id":7799,"date":"2024-08-09T14:00:19","date_gmt":"2024-08-09T14:00:19","guid":{"rendered":"https:\/\/maugojewelry.com\/?post_type=product&#038;p=7799"},"modified":"2026-04-07T12:19:06","modified_gmt":"2026-04-07T11:19:06","slug":"foam-drop-earrings","status":"publish","type":"product","link":"https:\/\/maugojewelry.com\/en\/produkt\/foam-drop-earrings\/","title":{"rendered":"Foam Drop Earrings"},"excerpt":{"rendered":"<p>Kolczyki na sztyfcie\u00a0 ze stopniowanymi kulkami wykonane ze srebra pr\u00f3by 925 lub srebra z\u0142oconego 18-karatowym srebrem.<\/p>\n<p>&nbsp;<\/p>\n<p>Sprzedawane jako para<\/p>\n<p>Ca\u0142kowita d\u0142ugo\u015b\u0107: 18 mm<\/p>\n<p>Waga: 1,9 g per pair<\/p>\n<p>&nbsp;<\/p>\n<p>&nbsp;<\/p>\n","protected":false},"featured_media":7733,"comment_status":"closed","ping_status":"closed","template":"","meta":{"_acf_changed":false},"product_brand":[],"product_cat":[16,18],"product_tag":[],"class_list":{"0":"post-7799","1":"product","2":"type-product","3":"status-publish","4":"has-post-thumbnail","6":"product_cat-all","7":"product_cat-earrings","9":"first","10":"instock","11":"shipping-taxable","12":"purchasable","13":"product-type-variable"},"acf":[],"aioseo_notices":[],"_links":{"self":[{"href":"https:\/\/maugojewelry.com\/en\/wp-json\/wp\/v2\/product\/7799","targetHints":{"allow":["GET"]}}],"collection":[{"href":"https:\/\/maugojewelry.com\/en\/wp-json\/wp\/v2\/product"}],"about":[{"href":"https:\/\/maugojewelry.com\/en\/wp-json\/wp\/v2\/types\/product"}],"replies":[{"embeddable":true,"href":"https:\/\/maugojewelry.com\/en\/wp-json\/wp\/v2\/comments?post=7799"}],"wp:featuredmedia":[{"embeddable":true,"href":"https:\/\/maugojewelry.com\/en\/wp-json\/wp\/v2\/media\/7733"}],"wp:attachment":[{"href":"https:\/\/maugojewelry.com\/en\/wp-json\/wp\/v2\/media?parent=7799"}],"wp:term":[{"taxonomy":"product_brand","embeddable":true,"href":"https:\/\/maugojewelry.com\/en\/wp-json\/wp\/v2\/product_brand?post=7799"},{"taxonomy":"product_cat","embeddable":true,"href":"https:\/\/maugojewelry.com\/en\/wp-json\/wp\/v2\/product_cat?post=7799"},{"taxonomy":"product_tag","embeddable":true,"href":"https:\/\/maugojewelry.com\/en\/wp-json\/wp\/v2\/product_tag?post=7799"}],"curies":[{"name":"wp","href":"https:\/\/api.w.org\/{rel}","templated":true}]}}