{"id":7809,"date":"2024-08-09T14:00:43","date_gmt":"2024-08-09T14:00:43","guid":{"rendered":"https:\/\/maugojewelry.com\/?post_type=product&#038;p=7809"},"modified":"2026-03-17T17:43:32","modified_gmt":"2026-03-17T16:43:32","slug":"opal-dome-ring","status":"publish","type":"product","link":"https:\/\/maugojewelry.com\/en\/produkt\/opal-dome-ring\/","title":{"rendered":"Opal D\u00f4me Ring"},"excerpt":{"rendered":"<p>Nowa ods\u0142ona klasycznego pier\u015bcionka D\u00f4me o lekko wypuk\u0142ym kszta\u0142cie i z naturalnym opalem w kolorze r\u00f3\u017cowym.\u00a0 Pier\u015bcionek wykonany jest ze srebra 925. Ka\u017cdy kamie\u0144 mo\u017ce si\u0119 od siebie nieznacznie r\u00f3\u017cni\u0107.<\/p>\n<p>&nbsp;<\/p>\n<p>Materia\u0142: srebro 925, naturalny opal<\/p>\n<p>Wymiary kamienia: 4 x 6 mm<\/p>\n<p>Szeroko\u015b\u0107 obr\u0105czki 6,8 mm<\/p>\n<p>Waga: 3 g<\/p>\n<p>&nbsp;<\/p>\n<p>Pier\u015bcionek zaprojektowany i wykonany w Polsce.<\/p>\n","protected":false},"featured_media":7698,"comment_status":"closed","ping_status":"closed","template":"","meta":{"_acf_changed":false},"product_brand":[],"product_cat":[2098,2090],"product_tag":[],"class_list":{"0":"post-7809","1":"product","2":"type-product","3":"status-publish","4":"has-post-thumbnail","6":"product_cat-rings-en","7":"product_cat-bez-kategorii","9":"first","10":"instock","11":"shipping-taxable","12":"purchasable","13":"product-type-variable"},"acf":[],"aioseo_notices":[],"_links":{"self":[{"href":"https:\/\/maugojewelry.com\/en\/wp-json\/wp\/v2\/product\/7809","targetHints":{"allow":["GET"]}}],"collection":[{"href":"https:\/\/maugojewelry.com\/en\/wp-json\/wp\/v2\/product"}],"about":[{"href":"https:\/\/maugojewelry.com\/en\/wp-json\/wp\/v2\/types\/product"}],"replies":[{"embeddable":true,"href":"https:\/\/maugojewelry.com\/en\/wp-json\/wp\/v2\/comments?post=7809"}],"wp:featuredmedia":[{"embeddable":true,"href":"https:\/\/maugojewelry.com\/en\/wp-json\/wp\/v2\/media\/7698"}],"wp:attachment":[{"href":"https:\/\/maugojewelry.com\/en\/wp-json\/wp\/v2\/media?parent=7809"}],"wp:term":[{"taxonomy":"product_brand","embeddable":true,"href":"https:\/\/maugojewelry.com\/en\/wp-json\/wp\/v2\/product_brand?post=7809"},{"taxonomy":"product_cat","embeddable":true,"href":"https:\/\/maugojewelry.com\/en\/wp-json\/wp\/v2\/product_cat?post=7809"},{"taxonomy":"product_tag","embeddable":true,"href":"https:\/\/maugojewelry.com\/en\/wp-json\/wp\/v2\/product_tag?post=7809"}],"curies":[{"name":"wp","href":"https:\/\/api.w.org\/{rel}","templated":true}]}}