{"id":7818,"date":"2024-08-09T14:00:06","date_gmt":"2024-08-09T14:00:06","guid":{"rendered":"https:\/\/maugojewelry.com\/?post_type=product&#038;p=7818"},"modified":"2026-04-05T08:46:20","modified_gmt":"2026-04-05T07:46:20","slug":"piedra-ring-cherry-amber","status":"publish","type":"product","link":"https:\/\/maugojewelry.com\/en\/produkt\/piedra-ring-cherry-amber\/","title":{"rendered":"Piedra Ring Cherry Amber"},"excerpt":{"rendered":"<p>Nowoczesne po\u0142\u0105czenie stylu vintage. Masywny sygnet z naturalnym bursztynem ba\u0142tyckim w kolorze wi\u015bniowym. Kamie\u0144 otoczony jest pier\u015bcieniami, kt\u00f3re nadaj\u0105 sygnetowi wyj\u0105tkowy charakter. Bursztyn ba\u0142tycki jest kamieniem naturalnym i ka\u017cdy egzemplarz mo\u017ce si\u0119 minimalnie r\u00f3\u017cni\u0107.<\/p>\n<p>&nbsp;<\/p>\n<p>Materia\u0142: srebro 925, bursztyn ba\u0142tycki<\/p>\n<p>Wymiary kamienia: 10&#215;14 mm<\/p>\n<p>Waga: 4,3 g (srebro)<\/p>\n<p>&nbsp;<\/p>\n<p>*Produkt zaprojektowany i wykonany w Polsce.<\/p>\n","protected":false},"featured_media":7734,"comment_status":"closed","ping_status":"closed","template":"","meta":{"_acf_changed":false},"product_brand":[],"product_cat":[16,17],"product_tag":[],"class_list":{"0":"post-7818","1":"product","2":"type-product","3":"status-publish","4":"has-post-thumbnail","6":"product_cat-all","7":"product_cat-rings","9":"first","10":"instock","11":"shipping-taxable","12":"purchasable","13":"product-type-variable"},"acf":[],"aioseo_notices":[],"_links":{"self":[{"href":"https:\/\/maugojewelry.com\/en\/wp-json\/wp\/v2\/product\/7818","targetHints":{"allow":["GET"]}}],"collection":[{"href":"https:\/\/maugojewelry.com\/en\/wp-json\/wp\/v2\/product"}],"about":[{"href":"https:\/\/maugojewelry.com\/en\/wp-json\/wp\/v2\/types\/product"}],"replies":[{"embeddable":true,"href":"https:\/\/maugojewelry.com\/en\/wp-json\/wp\/v2\/comments?post=7818"}],"wp:featuredmedia":[{"embeddable":true,"href":"https:\/\/maugojewelry.com\/en\/wp-json\/wp\/v2\/media\/7734"}],"wp:attachment":[{"href":"https:\/\/maugojewelry.com\/en\/wp-json\/wp\/v2\/media?parent=7818"}],"wp:term":[{"taxonomy":"product_brand","embeddable":true,"href":"https:\/\/maugojewelry.com\/en\/wp-json\/wp\/v2\/product_brand?post=7818"},{"taxonomy":"product_cat","embeddable":true,"href":"https:\/\/maugojewelry.com\/en\/wp-json\/wp\/v2\/product_cat?post=7818"},{"taxonomy":"product_tag","embeddable":true,"href":"https:\/\/maugojewelry.com\/en\/wp-json\/wp\/v2\/product_tag?post=7818"}],"curies":[{"name":"wp","href":"https:\/\/api.w.org\/{rel}","templated":true}]}}