{"id":7833,"date":"2024-08-09T14:00:10","date_gmt":"2024-08-09T14:00:10","guid":{"rendered":"https:\/\/maugojewelry.com\/?post_type=product&#038;p=7833"},"modified":"2026-04-09T13:44:04","modified_gmt":"2026-04-09T12:44:04","slug":"petite-ring-opal","status":"publish","type":"product","link":"https:\/\/maugojewelry.com\/en\/produkt\/petite-ring-opal\/","title":{"rendered":"Petite Ring Opal"},"excerpt":{"rendered":"<p>Delikatny pier\u015bcionek z r\u00f3\u017cowym opalem na nieregularnej, lekko falowanej obr\u0105czce wykonany ze srebra 925.<\/p>\n<p>&nbsp;<\/p>\n<p>Materia\u0142: srebro 925<\/p>\n<p>Kamie\u0144: naturalny opal<\/p>\n<p>Wymiary kamienia: 5 mm<\/p>\n<p>Waga: 1,5 g (srebro)<\/p>\n<p>&nbsp;<\/p>\n","protected":false},"featured_media":7701,"comment_status":"closed","ping_status":"closed","template":"","meta":{"_acf_changed":false},"product_brand":[],"product_cat":[2098,2090],"product_tag":[],"class_list":{"0":"post-7833","1":"product","2":"type-product","3":"status-publish","4":"has-post-thumbnail","6":"product_cat-rings-en","7":"product_cat-bez-kategorii","9":"first","10":"instock","11":"shipping-taxable","12":"purchasable","13":"product-type-variable"},"acf":[],"aioseo_notices":[],"_links":{"self":[{"href":"https:\/\/maugojewelry.com\/en\/wp-json\/wp\/v2\/product\/7833","targetHints":{"allow":["GET"]}}],"collection":[{"href":"https:\/\/maugojewelry.com\/en\/wp-json\/wp\/v2\/product"}],"about":[{"href":"https:\/\/maugojewelry.com\/en\/wp-json\/wp\/v2\/types\/product"}],"replies":[{"embeddable":true,"href":"https:\/\/maugojewelry.com\/en\/wp-json\/wp\/v2\/comments?post=7833"}],"wp:featuredmedia":[{"embeddable":true,"href":"https:\/\/maugojewelry.com\/en\/wp-json\/wp\/v2\/media\/7701"}],"wp:attachment":[{"href":"https:\/\/maugojewelry.com\/en\/wp-json\/wp\/v2\/media?parent=7833"}],"wp:term":[{"taxonomy":"product_brand","embeddable":true,"href":"https:\/\/maugojewelry.com\/en\/wp-json\/wp\/v2\/product_brand?post=7833"},{"taxonomy":"product_cat","embeddable":true,"href":"https:\/\/maugojewelry.com\/en\/wp-json\/wp\/v2\/product_cat?post=7833"},{"taxonomy":"product_tag","embeddable":true,"href":"https:\/\/maugojewelry.com\/en\/wp-json\/wp\/v2\/product_tag?post=7833"}],"curies":[{"name":"wp","href":"https:\/\/api.w.org\/{rel}","templated":true}]}}