{"id":7840,"date":"2024-08-09T14:00:42","date_gmt":"2024-08-09T14:00:42","guid":{"rendered":"https:\/\/maugojewelry.com\/?post_type=product&#038;p=7840"},"modified":"2026-04-10T21:38:15","modified_gmt":"2026-04-10T20:38:15","slug":"full-heart-signet","status":"publish","type":"product","link":"https:\/\/maugojewelry.com\/en\/produkt\/full-heart-signet\/","title":{"rendered":"Full Heart Signet"},"excerpt":{"rendered":"<p>Pier\u015bcionek Full Heart to delikatnie wi\u0119ksza wersja bestsellerowego pier\u015bcionka <a href=\"https:\/\/maugojewelry.com\/en\/product\/petite-heart-pinky-ring\/\">Petite Heart Pinky Ring.\u00a0<\/a><\/p>\n<p>&nbsp;<\/p>\n<p>Surowiec: srebro 925 lub \u017c\u00f3\u0142te z\u0142oto 585 (14ct.)<\/p>\n<p>Wymiary tarczy (serce): 6 x 5 mm<\/p>\n<p>Waga: 1,6g<\/p>\n<p>&nbsp;<\/p>\n<p>&nbsp;<\/p>\n","protected":false},"featured_media":7953,"comment_status":"closed","ping_status":"closed","template":"","meta":{"_acf_changed":false},"product_brand":[],"product_cat":[16,17,2068],"product_tag":[],"class_list":{"0":"post-7840","1":"product","2":"type-product","3":"status-publish","4":"has-post-thumbnail","6":"product_cat-all","7":"product_cat-rings","8":"product_cat-solid-gold","10":"first","11":"instock","12":"shipping-taxable","13":"purchasable","14":"product-type-variable"},"acf":[],"aioseo_notices":[],"_links":{"self":[{"href":"https:\/\/maugojewelry.com\/en\/wp-json\/wp\/v2\/product\/7840","targetHints":{"allow":["GET"]}}],"collection":[{"href":"https:\/\/maugojewelry.com\/en\/wp-json\/wp\/v2\/product"}],"about":[{"href":"https:\/\/maugojewelry.com\/en\/wp-json\/wp\/v2\/types\/product"}],"replies":[{"embeddable":true,"href":"https:\/\/maugojewelry.com\/en\/wp-json\/wp\/v2\/comments?post=7840"}],"wp:featuredmedia":[{"embeddable":true,"href":"https:\/\/maugojewelry.com\/en\/wp-json\/wp\/v2\/media\/7953"}],"wp:attachment":[{"href":"https:\/\/maugojewelry.com\/en\/wp-json\/wp\/v2\/media?parent=7840"}],"wp:term":[{"taxonomy":"product_brand","embeddable":true,"href":"https:\/\/maugojewelry.com\/en\/wp-json\/wp\/v2\/product_brand?post=7840"},{"taxonomy":"product_cat","embeddable":true,"href":"https:\/\/maugojewelry.com\/en\/wp-json\/wp\/v2\/product_cat?post=7840"},{"taxonomy":"product_tag","embeddable":true,"href":"https:\/\/maugojewelry.com\/en\/wp-json\/wp\/v2\/product_tag?post=7840"}],"curies":[{"name":"wp","href":"https:\/\/api.w.org\/{rel}","templated":true}]}}