{"id":7847,"date":"2024-08-09T14:37:59","date_gmt":"2024-08-09T12:37:59","guid":{"rendered":"https:\/\/maugojewelry.com\/?post_type=product&#038;p=7847"},"modified":"2026-04-23T12:19:25","modified_gmt":"2026-04-23T11:19:25","slug":"brisa-ring-lapis","status":"publish","type":"product","link":"https:\/\/maugojewelry.com\/en\/produkt\/brisa-ring-lapis\/","title":{"rendered":"Brisa Ring Lapis"},"excerpt":{"rendered":"<p>Pier\u015bcionek z naturalnym lapisem o kszta\u0142cie \u0142ezki wykonany ze srebra pr\u00f3by 925 lub z\u0142ota 585 (14ct.) Lapis lazuli \u00a0jest kamieniem naturalnym i ka\u017cdy egzemplarz mo\u017ce si\u0119 minimalnie r\u00f3\u017cni\u0107.<\/p>\n<p>&nbsp;<\/p>\n<p>Materia\u0142: srebro 925\/ z\u0142oto 585<\/p>\n<p>Kamie\u0144: lapis lazuli<\/p>\n<p>Wymiary kamienia: oko\u0142o 12 mm x 5 mm<\/p>\n<p>Waga: 2,03g (srebro)<\/p>\n<p>&nbsp;<\/p>\n<p>*Pier\u015bcionek zaprojektowany i wykonany w Polsce.<\/p>\n","protected":false},"featured_media":7422,"comment_status":"closed","ping_status":"closed","template":"","meta":{"_acf_changed":false},"product_brand":[],"product_cat":[2098,2090,2112],"product_tag":[],"class_list":{"0":"post-7847","1":"product","2":"type-product","3":"status-publish","4":"has-post-thumbnail","6":"product_cat-rings-en","7":"product_cat-bez-kategorii","8":"product_cat-solid-gold-en","10":"first","11":"instock","12":"shipping-taxable","13":"purchasable","14":"product-type-variable"},"acf":[],"aioseo_notices":[],"_links":{"self":[{"href":"https:\/\/maugojewelry.com\/en\/wp-json\/wp\/v2\/product\/7847","targetHints":{"allow":["GET"]}}],"collection":[{"href":"https:\/\/maugojewelry.com\/en\/wp-json\/wp\/v2\/product"}],"about":[{"href":"https:\/\/maugojewelry.com\/en\/wp-json\/wp\/v2\/types\/product"}],"replies":[{"embeddable":true,"href":"https:\/\/maugojewelry.com\/en\/wp-json\/wp\/v2\/comments?post=7847"}],"wp:featuredmedia":[{"embeddable":true,"href":"https:\/\/maugojewelry.com\/en\/wp-json\/wp\/v2\/media\/7422"}],"wp:attachment":[{"href":"https:\/\/maugojewelry.com\/en\/wp-json\/wp\/v2\/media?parent=7847"}],"wp:term":[{"taxonomy":"product_brand","embeddable":true,"href":"https:\/\/maugojewelry.com\/en\/wp-json\/wp\/v2\/product_brand?post=7847"},{"taxonomy":"product_cat","embeddable":true,"href":"https:\/\/maugojewelry.com\/en\/wp-json\/wp\/v2\/product_cat?post=7847"},{"taxonomy":"product_tag","embeddable":true,"href":"https:\/\/maugojewelry.com\/en\/wp-json\/wp\/v2\/product_tag?post=7847"}],"curies":[{"name":"wp","href":"https:\/\/api.w.org\/{rel}","templated":true}]}}