{"id":7854,"date":"2024-08-09T14:00:05","date_gmt":"2024-08-09T14:00:05","guid":{"rendered":"https:\/\/maugojewelry.com\/?post_type=product&#038;p=7854"},"modified":"2025-12-17T14:22:54","modified_gmt":"2025-12-17T13:22:54","slug":"puffed-mariner-chain-bracelet","status":"publish","type":"product","link":"https:\/\/maugojewelry.com\/en\/produkt\/puffed-mariner-chain-bracelet\/","title":{"rendered":"Puffed Mariner Chain Bracelet"},"excerpt":{"rendered":"<p>Bransoletka Mariner o klasycznym splocie, kt\u00f3ry pozostaje zawsze w modzie. Wykonana ze srebra 925.<\/p>\n<p>&nbsp;<\/p>\n<p>Waga: 11 g<\/p>\n<p>D\u0142ugo\u015b\u0107 19,5 cm<\/p>\n<p>Szeroko\u015b\u0107: 8 mm<\/p>\n<p>&nbsp;<\/p>\n<p>&nbsp;<\/p>\n","protected":false},"featured_media":7711,"comment_status":"closed","ping_status":"closed","template":"","meta":{"_acf_changed":false},"product_brand":[],"product_cat":[19,2090],"product_tag":[],"class_list":{"0":"post-7854","1":"product","2":"type-product","3":"status-publish","4":"has-post-thumbnail","6":"product_cat-bracelets","7":"product_cat-bez-kategorii","9":"first","10":"outofstock","11":"shipping-taxable","12":"purchasable","13":"product-type-variable"},"acf":[],"aioseo_notices":[],"_links":{"self":[{"href":"https:\/\/maugojewelry.com\/en\/wp-json\/wp\/v2\/product\/7854","targetHints":{"allow":["GET"]}}],"collection":[{"href":"https:\/\/maugojewelry.com\/en\/wp-json\/wp\/v2\/product"}],"about":[{"href":"https:\/\/maugojewelry.com\/en\/wp-json\/wp\/v2\/types\/product"}],"replies":[{"embeddable":true,"href":"https:\/\/maugojewelry.com\/en\/wp-json\/wp\/v2\/comments?post=7854"}],"wp:featuredmedia":[{"embeddable":true,"href":"https:\/\/maugojewelry.com\/en\/wp-json\/wp\/v2\/media\/7711"}],"wp:attachment":[{"href":"https:\/\/maugojewelry.com\/en\/wp-json\/wp\/v2\/media?parent=7854"}],"wp:term":[{"taxonomy":"product_brand","embeddable":true,"href":"https:\/\/maugojewelry.com\/en\/wp-json\/wp\/v2\/product_brand?post=7854"},{"taxonomy":"product_cat","embeddable":true,"href":"https:\/\/maugojewelry.com\/en\/wp-json\/wp\/v2\/product_cat?post=7854"},{"taxonomy":"product_tag","embeddable":true,"href":"https:\/\/maugojewelry.com\/en\/wp-json\/wp\/v2\/product_tag?post=7854"}],"curies":[{"name":"wp","href":"https:\/\/api.w.org\/{rel}","templated":true}]}}