{"id":7856,"date":"2024-08-09T14:00:52","date_gmt":"2024-08-09T14:00:52","guid":{"rendered":"https:\/\/maugojewelry.com\/?post_type=product&#038;p=7856"},"modified":"2025-11-16T23:20:40","modified_gmt":"2025-11-16T22:20:40","slug":"arena-necklace","status":"publish","type":"product","link":"https:\/\/maugojewelry.com\/en\/produkt\/arena-necklace\/","title":{"rendered":"Arena Necklace"},"excerpt":{"rendered":"<p>Naszyjnik Arena wykonany z naturalnych pere\u0142 &#8216;patyczk\u00f3w&#8217; oraz delikatnych rurek ze srebra pr\u00f3by 925, poz\u0142ocony 24 karatowym z\u0142otem.<\/p>\n<p>Wielko\u015b\u0107, kolor oraz kszta\u0142t pere\u0142 hodowanych mo\u017ce r\u00f3\u017cni\u0107 si\u0119 od tych na zdj\u0119ciu.<\/p>\n<p>&nbsp;<\/p>\n<p>D\u0142ugo\u015b\u0107 naszyjnika: ~ 45 cm<\/p>\n<p>Waga: 13,7 g<\/p>\n","protected":false},"featured_media":7721,"comment_status":"closed","ping_status":"closed","template":"","meta":{"_acf_changed":false},"product_brand":[],"product_cat":[16,20],"product_tag":[],"class_list":{"0":"post-7856","1":"product","2":"type-product","3":"status-publish","4":"has-post-thumbnail","6":"product_cat-all","7":"product_cat-necklaces","9":"first","10":"instock","11":"shipping-taxable","12":"purchasable","13":"product-type-variable"},"acf":[],"aioseo_notices":[],"_links":{"self":[{"href":"https:\/\/maugojewelry.com\/en\/wp-json\/wp\/v2\/product\/7856","targetHints":{"allow":["GET"]}}],"collection":[{"href":"https:\/\/maugojewelry.com\/en\/wp-json\/wp\/v2\/product"}],"about":[{"href":"https:\/\/maugojewelry.com\/en\/wp-json\/wp\/v2\/types\/product"}],"replies":[{"embeddable":true,"href":"https:\/\/maugojewelry.com\/en\/wp-json\/wp\/v2\/comments?post=7856"}],"wp:featuredmedia":[{"embeddable":true,"href":"https:\/\/maugojewelry.com\/en\/wp-json\/wp\/v2\/media\/7721"}],"wp:attachment":[{"href":"https:\/\/maugojewelry.com\/en\/wp-json\/wp\/v2\/media?parent=7856"}],"wp:term":[{"taxonomy":"product_brand","embeddable":true,"href":"https:\/\/maugojewelry.com\/en\/wp-json\/wp\/v2\/product_brand?post=7856"},{"taxonomy":"product_cat","embeddable":true,"href":"https:\/\/maugojewelry.com\/en\/wp-json\/wp\/v2\/product_cat?post=7856"},{"taxonomy":"product_tag","embeddable":true,"href":"https:\/\/maugojewelry.com\/en\/wp-json\/wp\/v2\/product_tag?post=7856"}],"curies":[{"name":"wp","href":"https:\/\/api.w.org\/{rel}","templated":true}]}}