{"id":7859,"date":"2024-08-09T14:00:10","date_gmt":"2024-08-09T14:00:10","guid":{"rendered":"https:\/\/maugojewelry.com\/?post_type=product&#038;p=7859"},"modified":"2025-11-16T23:13:54","modified_gmt":"2025-11-16T22:13:54","slug":"trio-pearl-necklace","status":"publish","type":"product","link":"https:\/\/maugojewelry.com\/en\/produkt\/trio-pearl-necklace\/","title":{"rendered":"Trio Pearl Necklace"},"excerpt":{"rendered":"<p>Naszyjnik wykonany z okr\u0105g\u0142ych, naturalnych pere\u0142 oraz srebrnych element\u00f3w w kszta\u0142cie rurki, poz\u0142ocony 24 karatowym z\u0142otem. Wielko\u015b\u0107, kolor oraz kszta\u0142t pere\u0142 hodowanych mo\u017ce r\u00f3\u017cni\u0107 si\u0119 od tych na zdj\u0119ciu.<\/p>\n<p>&nbsp;<\/p>\n<p>D\u0142ugo\u015b\u0107 naszyjnika: ~ 45 cm<\/p>\n<p>Waga: 8 g<\/p>\n","protected":false},"featured_media":7722,"comment_status":"closed","ping_status":"closed","template":"","meta":{"_acf_changed":false},"product_brand":[],"product_cat":[16,20],"product_tag":[],"class_list":{"0":"post-7859","1":"product","2":"type-product","3":"status-publish","4":"has-post-thumbnail","6":"product_cat-all","7":"product_cat-necklaces","9":"first","10":"instock","11":"shipping-taxable","12":"purchasable","13":"product-type-variable"},"acf":[],"aioseo_notices":[],"_links":{"self":[{"href":"https:\/\/maugojewelry.com\/en\/wp-json\/wp\/v2\/product\/7859","targetHints":{"allow":["GET"]}}],"collection":[{"href":"https:\/\/maugojewelry.com\/en\/wp-json\/wp\/v2\/product"}],"about":[{"href":"https:\/\/maugojewelry.com\/en\/wp-json\/wp\/v2\/types\/product"}],"replies":[{"embeddable":true,"href":"https:\/\/maugojewelry.com\/en\/wp-json\/wp\/v2\/comments?post=7859"}],"wp:featuredmedia":[{"embeddable":true,"href":"https:\/\/maugojewelry.com\/en\/wp-json\/wp\/v2\/media\/7722"}],"wp:attachment":[{"href":"https:\/\/maugojewelry.com\/en\/wp-json\/wp\/v2\/media?parent=7859"}],"wp:term":[{"taxonomy":"product_brand","embeddable":true,"href":"https:\/\/maugojewelry.com\/en\/wp-json\/wp\/v2\/product_brand?post=7859"},{"taxonomy":"product_cat","embeddable":true,"href":"https:\/\/maugojewelry.com\/en\/wp-json\/wp\/v2\/product_cat?post=7859"},{"taxonomy":"product_tag","embeddable":true,"href":"https:\/\/maugojewelry.com\/en\/wp-json\/wp\/v2\/product_tag?post=7859"}],"curies":[{"name":"wp","href":"https:\/\/api.w.org\/{rel}","templated":true}]}}