{"id":7863,"date":"2024-08-09T14:00:03","date_gmt":"2024-08-09T14:00:03","guid":{"rendered":"https:\/\/maugojewelry.com\/?post_type=product&#038;p=7863"},"modified":"2025-11-16T23:16:15","modified_gmt":"2025-11-16T22:16:15","slug":"trio-pearl-bracelet","status":"publish","type":"product","link":"https:\/\/maugojewelry.com\/en\/produkt\/trio-pearl-bracelet\/","title":{"rendered":"Trio Pearl Bracelet"},"excerpt":{"rendered":"<p>Delikatna bransoletka z naturalnych pere\u0142 s\u0142odkowodnych i srebrnych element\u00f3w poz\u0142acanych 24 karatowym z\u0142otem. Ka\u017cdy egzemplarz mo\u017ce si\u0119 od siebie nieznacznie r\u00f3\u017cni\u0107 kolorem, kszta\u0142tem i wielko\u015bci\u0105 pere\u0142.<\/p>\n<p>&nbsp;<\/p>\n<p>D\u0142ugo\u015b\u0107 bransoletki: ~18 cm<\/p>\n<p>Waga: 4,6 g<\/p>\n","protected":false},"featured_media":7716,"comment_status":"closed","ping_status":"closed","template":"","meta":{"_acf_changed":false},"product_brand":[],"product_cat":[19,2090],"product_tag":[],"class_list":{"0":"post-7863","1":"product","2":"type-product","3":"status-publish","4":"has-post-thumbnail","6":"product_cat-bracelets","7":"product_cat-bez-kategorii","9":"first","10":"instock","11":"shipping-taxable","12":"purchasable","13":"product-type-variable"},"acf":[],"aioseo_notices":[],"_links":{"self":[{"href":"https:\/\/maugojewelry.com\/en\/wp-json\/wp\/v2\/product\/7863","targetHints":{"allow":["GET"]}}],"collection":[{"href":"https:\/\/maugojewelry.com\/en\/wp-json\/wp\/v2\/product"}],"about":[{"href":"https:\/\/maugojewelry.com\/en\/wp-json\/wp\/v2\/types\/product"}],"replies":[{"embeddable":true,"href":"https:\/\/maugojewelry.com\/en\/wp-json\/wp\/v2\/comments?post=7863"}],"wp:featuredmedia":[{"embeddable":true,"href":"https:\/\/maugojewelry.com\/en\/wp-json\/wp\/v2\/media\/7716"}],"wp:attachment":[{"href":"https:\/\/maugojewelry.com\/en\/wp-json\/wp\/v2\/media?parent=7863"}],"wp:term":[{"taxonomy":"product_brand","embeddable":true,"href":"https:\/\/maugojewelry.com\/en\/wp-json\/wp\/v2\/product_brand?post=7863"},{"taxonomy":"product_cat","embeddable":true,"href":"https:\/\/maugojewelry.com\/en\/wp-json\/wp\/v2\/product_cat?post=7863"},{"taxonomy":"product_tag","embeddable":true,"href":"https:\/\/maugojewelry.com\/en\/wp-json\/wp\/v2\/product_tag?post=7863"}],"curies":[{"name":"wp","href":"https:\/\/api.w.org\/{rel}","templated":true}]}}