{"id":7866,"date":"2024-08-09T14:00:15","date_gmt":"2024-08-09T14:00:15","guid":{"rendered":"https:\/\/maugojewelry.com\/?post_type=product&#038;p=7866"},"modified":"2025-12-17T14:03:44","modified_gmt":"2025-12-17T13:03:44","slug":"gotas-necklace","status":"publish","type":"product","link":"https:\/\/maugojewelry.com\/en\/produkt\/gotas-necklace\/","title":{"rendered":"Gotas Necklace"},"excerpt":{"rendered":"<p>Wyj\u0105tkowy naszyjnik o owalnych ogniwach i zawieszkami z kryszta\u0142em g\u00f3rskim przypominaj\u0105ce kropelki wody. Wykonane r\u0119cznie ze srebra 925.<\/p>\n<p>Materia\u0142: srebro 925, kryszta\u0142 g\u00f3rski<\/p>\n<p>Wielko\u015b\u0107 kamieni: 9 mm<\/p>\n<p>Ca\u0142kowita d\u0142ugo\u015b\u0107: 60 cm, mo\u017cliwo\u015b\u0107 regulowania<\/p>\n<p>Waga: 25 g<\/p>\n","protected":false},"featured_media":7723,"comment_status":"closed","ping_status":"closed","template":"","meta":{"_acf_changed":false},"product_brand":[],"product_cat":[20,16],"product_tag":[],"class_list":{"0":"post-7866","1":"product","2":"type-product","3":"status-publish","4":"has-post-thumbnail","6":"product_cat-necklaces","7":"product_cat-all","9":"first","10":"instock","11":"shipping-taxable","12":"purchasable","13":"product-type-variable"},"acf":[],"aioseo_notices":[],"_links":{"self":[{"href":"https:\/\/maugojewelry.com\/en\/wp-json\/wp\/v2\/product\/7866","targetHints":{"allow":["GET"]}}],"collection":[{"href":"https:\/\/maugojewelry.com\/en\/wp-json\/wp\/v2\/product"}],"about":[{"href":"https:\/\/maugojewelry.com\/en\/wp-json\/wp\/v2\/types\/product"}],"replies":[{"embeddable":true,"href":"https:\/\/maugojewelry.com\/en\/wp-json\/wp\/v2\/comments?post=7866"}],"wp:featuredmedia":[{"embeddable":true,"href":"https:\/\/maugojewelry.com\/en\/wp-json\/wp\/v2\/media\/7723"}],"wp:attachment":[{"href":"https:\/\/maugojewelry.com\/en\/wp-json\/wp\/v2\/media?parent=7866"}],"wp:term":[{"taxonomy":"product_brand","embeddable":true,"href":"https:\/\/maugojewelry.com\/en\/wp-json\/wp\/v2\/product_brand?post=7866"},{"taxonomy":"product_cat","embeddable":true,"href":"https:\/\/maugojewelry.com\/en\/wp-json\/wp\/v2\/product_cat?post=7866"},{"taxonomy":"product_tag","embeddable":true,"href":"https:\/\/maugojewelry.com\/en\/wp-json\/wp\/v2\/product_tag?post=7866"}],"curies":[{"name":"wp","href":"https:\/\/api.w.org\/{rel}","templated":true}]}}