{"id":7871,"date":"2024-08-09T14:00:16","date_gmt":"2024-08-09T14:00:16","guid":{"rendered":"https:\/\/maugojewelry.com\/?post_type=product&#038;p=7871"},"modified":"2026-04-10T20:57:50","modified_gmt":"2026-04-10T19:57:50","slug":"gotas-bracelet-ii","status":"publish","type":"product","link":"https:\/\/maugojewelry.com\/en\/produkt\/gotas-bracelet-ii\/","title":{"rendered":"Gotas Bracelet II"},"excerpt":{"rendered":"<p>Nowa ods\u0142ona bransoletki Charm\u00a0 z trzema zawieszkami z kryszta\u0142em g\u00f3rskim przypominaj\u0105cymi kropelki wody. Wykonana r\u0119cznie w srebrze 925. Dost\u0119pna wersja ze 24 karatowym z\u0142oceniem.\u00a0 Bransoletka mo\u017ce by\u0107 regulowana.<\/p>\n<p>&nbsp;<\/p>\n<p>Materia\u0142: srebro 925\/ z\u0142ocenie 24 karatowe, kryszta\u0142 g\u00f3rski<\/p>\n<p>Kamie\u0144 ma \u015brednic\u0119 9 mm<\/p>\n<p>Ca\u0142kowita d\u0142ugo\u015b\u0107: 18 cm<\/p>\n<p>&nbsp;<\/p>\n<p>&nbsp;<\/p>\n","protected":false},"featured_media":7708,"comment_status":"closed","ping_status":"closed","template":"","meta":{"_acf_changed":false},"product_brand":[],"product_cat":[19,2090],"product_tag":[],"class_list":{"0":"post-7871","1":"product","2":"type-product","3":"status-publish","4":"has-post-thumbnail","6":"product_cat-bracelets","7":"product_cat-bez-kategorii","9":"first","10":"instock","11":"shipping-taxable","12":"purchasable","13":"product-type-variable"},"acf":[],"aioseo_notices":[],"_links":{"self":[{"href":"https:\/\/maugojewelry.com\/en\/wp-json\/wp\/v2\/product\/7871","targetHints":{"allow":["GET"]}}],"collection":[{"href":"https:\/\/maugojewelry.com\/en\/wp-json\/wp\/v2\/product"}],"about":[{"href":"https:\/\/maugojewelry.com\/en\/wp-json\/wp\/v2\/types\/product"}],"replies":[{"embeddable":true,"href":"https:\/\/maugojewelry.com\/en\/wp-json\/wp\/v2\/comments?post=7871"}],"wp:featuredmedia":[{"embeddable":true,"href":"https:\/\/maugojewelry.com\/en\/wp-json\/wp\/v2\/media\/7708"}],"wp:attachment":[{"href":"https:\/\/maugojewelry.com\/en\/wp-json\/wp\/v2\/media?parent=7871"}],"wp:term":[{"taxonomy":"product_brand","embeddable":true,"href":"https:\/\/maugojewelry.com\/en\/wp-json\/wp\/v2\/product_brand?post=7871"},{"taxonomy":"product_cat","embeddable":true,"href":"https:\/\/maugojewelry.com\/en\/wp-json\/wp\/v2\/product_cat?post=7871"},{"taxonomy":"product_tag","embeddable":true,"href":"https:\/\/maugojewelry.com\/en\/wp-json\/wp\/v2\/product_tag?post=7871"}],"curies":[{"name":"wp","href":"https:\/\/api.w.org\/{rel}","templated":true}]}}