{"id":8038,"date":"2024-11-20T14:47:09","date_gmt":"2024-11-20T13:17:09","guid":{"rendered":"https:\/\/maugojewelry.com\/?post_type=product&#038;p=8038"},"modified":"2026-04-07T14:17:01","modified_gmt":"2026-04-07T13:17:01","slug":"glace-bloom-earrings","status":"publish","type":"product","link":"https:\/\/maugojewelry.com\/en\/produkt\/glace-bloom-earrings\/","title":{"rendered":"Glac\u00e8 Bloom Earrings"},"excerpt":{"rendered":"<p>Kolczyki z naturalnym kwarcem przezroczystym na zawieszce z nieregularn\u0105 czapeczk\u0105 wykonane z \u017c\u00f3\u0142tego z\u0142ota pr\u00f3by 585 (14K) lub srebra 925.<\/p>\n<p>&nbsp;<\/p>\n<ul>\n<li>Surowiec: z\u0142oto 585\/ srebro\/ srebro poz\u0142acane 18-karatowym z\u0142otem<\/li>\n<li>Kamie\u0144 ma \u015brednic\u0119 ok. 9mm<\/li>\n<li>D\u0142ugo\u015b\u0107 kolczyka ok. 23mm<\/li>\n<\/ul>\n<p>Ka\u017cda para kolczyk\u00f3w mo\u017ce si\u0119 minimalnie r\u00f3\u017cni\u0107 kolorem, kszta\u0142tem i wielko\u015bci\u0105.<\/p>\n<p>&nbsp;<\/p>\n","protected":false},"featured_media":7627,"comment_status":"closed","ping_status":"closed","template":"","meta":{"_acf_changed":false},"product_brand":[],"product_cat":[16,18,2068],"product_tag":[],"class_list":{"0":"post-8038","1":"product","2":"type-product","3":"status-publish","4":"has-post-thumbnail","6":"product_cat-all","7":"product_cat-earrings","8":"product_cat-solid-gold","10":"first","11":"instock","12":"shipping-taxable","13":"purchasable","14":"product-type-variable"},"acf":[],"aioseo_notices":[],"_links":{"self":[{"href":"https:\/\/maugojewelry.com\/en\/wp-json\/wp\/v2\/product\/8038","targetHints":{"allow":["GET"]}}],"collection":[{"href":"https:\/\/maugojewelry.com\/en\/wp-json\/wp\/v2\/product"}],"about":[{"href":"https:\/\/maugojewelry.com\/en\/wp-json\/wp\/v2\/types\/product"}],"replies":[{"embeddable":true,"href":"https:\/\/maugojewelry.com\/en\/wp-json\/wp\/v2\/comments?post=8038"}],"wp:featuredmedia":[{"embeddable":true,"href":"https:\/\/maugojewelry.com\/en\/wp-json\/wp\/v2\/media\/7627"}],"wp:attachment":[{"href":"https:\/\/maugojewelry.com\/en\/wp-json\/wp\/v2\/media?parent=8038"}],"wp:term":[{"taxonomy":"product_brand","embeddable":true,"href":"https:\/\/maugojewelry.com\/en\/wp-json\/wp\/v2\/product_brand?post=8038"},{"taxonomy":"product_cat","embeddable":true,"href":"https:\/\/maugojewelry.com\/en\/wp-json\/wp\/v2\/product_cat?post=8038"},{"taxonomy":"product_tag","embeddable":true,"href":"https:\/\/maugojewelry.com\/en\/wp-json\/wp\/v2\/product_tag?post=8038"}],"curies":[{"name":"wp","href":"https:\/\/api.w.org\/{rel}","templated":true}]}}