{"id":8089,"date":"2024-12-08T21:33:04","date_gmt":"2024-12-08T20:03:04","guid":{"rendered":"https:\/\/maugojewelry.com\/?post_type=product&#038;p=8089"},"modified":"2025-11-21T23:33:28","modified_gmt":"2025-11-21T22:33:28","slug":"agate-dome-ring","status":"publish","type":"product","link":"https:\/\/maugojewelry.com\/en\/produkt\/agate-dome-ring\/","title":{"rendered":"Agate D\u00f4me Ring"},"excerpt":{"rendered":"<p>Nowa ods\u0142ona klasycznego pier\u015bcionka Dome. Pier\u015bcionek Agate D\u00f4me z naturalnym agatem w kolorze zielonym. Pier\u015bcionek wykonany jest z najwy\u017cszej jako\u015bci srebra pr\u00f3by 925.<\/p>\n<p>&nbsp;<\/p>\n<p>Surowiec: srebro 925<\/p>\n<p>Kamie\u0144: agat<\/p>\n<p>Wymiary kamienia: 4mm x 6mm<\/p>\n<p>&nbsp;<\/p>\n<p>Pier\u015bcionek zaprojektowany i wykonany w Polsce.<\/p>\n","protected":false},"featured_media":8078,"comment_status":"closed","ping_status":"closed","template":"","meta":{"_acf_changed":false},"product_brand":[],"product_cat":[17,16],"product_tag":[],"class_list":{"0":"post-8089","1":"product","2":"type-product","3":"status-publish","4":"has-post-thumbnail","6":"product_cat-rings","7":"product_cat-all","9":"first","10":"instock","11":"shipping-taxable","12":"purchasable","13":"product-type-variable"},"acf":[],"aioseo_notices":[],"_links":{"self":[{"href":"https:\/\/maugojewelry.com\/en\/wp-json\/wp\/v2\/product\/8089","targetHints":{"allow":["GET"]}}],"collection":[{"href":"https:\/\/maugojewelry.com\/en\/wp-json\/wp\/v2\/product"}],"about":[{"href":"https:\/\/maugojewelry.com\/en\/wp-json\/wp\/v2\/types\/product"}],"replies":[{"embeddable":true,"href":"https:\/\/maugojewelry.com\/en\/wp-json\/wp\/v2\/comments?post=8089"}],"wp:featuredmedia":[{"embeddable":true,"href":"https:\/\/maugojewelry.com\/en\/wp-json\/wp\/v2\/media\/8078"}],"wp:attachment":[{"href":"https:\/\/maugojewelry.com\/en\/wp-json\/wp\/v2\/media?parent=8089"}],"wp:term":[{"taxonomy":"product_brand","embeddable":true,"href":"https:\/\/maugojewelry.com\/en\/wp-json\/wp\/v2\/product_brand?post=8089"},{"taxonomy":"product_cat","embeddable":true,"href":"https:\/\/maugojewelry.com\/en\/wp-json\/wp\/v2\/product_cat?post=8089"},{"taxonomy":"product_tag","embeddable":true,"href":"https:\/\/maugojewelry.com\/en\/wp-json\/wp\/v2\/product_tag?post=8089"}],"curies":[{"name":"wp","href":"https:\/\/api.w.org\/{rel}","templated":true}]}}