{"id":8110,"date":"2024-12-08T23:22:35","date_gmt":"2024-12-08T21:52:35","guid":{"rendered":"https:\/\/maugojewelry.com\/?post_type=product&#038;p=8110"},"modified":"2025-12-17T14:02:47","modified_gmt":"2025-12-17T13:02:47","slug":"brisa-ring-jasper","status":"publish","type":"product","link":"https:\/\/maugojewelry.com\/en\/produkt\/brisa-ring-jasper\/","title":{"rendered":"Brisa Ring Jasper"},"excerpt":{"rendered":"<p>Pier\u015bcionek z naturalnym, r\u0119cznie szlifowanym\u00a0 jaspisem o kszta\u0142cie \u0142ezki wykonany ze srebra pr\u00f3by 925. Jaspis jest kamieniem naturalnym i ka\u017cdy egzemplarz mo\u017ce si\u0119 minimalnie r\u00f3\u017cni\u0107.<\/p>\n<p>&nbsp;<\/p>\n<p>Surowiec: srebro 925<\/p>\n<p>Kamie\u0144: czerwony jaspis<\/p>\n<p>Wymiary kamienia: oko\u0142o 12 mm x 5 mm<\/p>\n<p>Waga: 2,03g (srebro)<\/p>\n<p>&nbsp;<\/p>\n<p>&nbsp;<\/p>\n","protected":false},"featured_media":8077,"comment_status":"closed","ping_status":"closed","template":"","meta":{"_acf_changed":false},"product_brand":[],"product_cat":[17,16],"product_tag":[],"class_list":{"0":"post-8110","1":"product","2":"type-product","3":"status-publish","4":"has-post-thumbnail","6":"product_cat-rings","7":"product_cat-all","9":"first","10":"instock","11":"shipping-taxable","12":"purchasable","13":"product-type-variable"},"acf":[],"aioseo_notices":[],"_links":{"self":[{"href":"https:\/\/maugojewelry.com\/en\/wp-json\/wp\/v2\/product\/8110","targetHints":{"allow":["GET"]}}],"collection":[{"href":"https:\/\/maugojewelry.com\/en\/wp-json\/wp\/v2\/product"}],"about":[{"href":"https:\/\/maugojewelry.com\/en\/wp-json\/wp\/v2\/types\/product"}],"replies":[{"embeddable":true,"href":"https:\/\/maugojewelry.com\/en\/wp-json\/wp\/v2\/comments?post=8110"}],"wp:featuredmedia":[{"embeddable":true,"href":"https:\/\/maugojewelry.com\/en\/wp-json\/wp\/v2\/media\/8077"}],"wp:attachment":[{"href":"https:\/\/maugojewelry.com\/en\/wp-json\/wp\/v2\/media?parent=8110"}],"wp:term":[{"taxonomy":"product_brand","embeddable":true,"href":"https:\/\/maugojewelry.com\/en\/wp-json\/wp\/v2\/product_brand?post=8110"},{"taxonomy":"product_cat","embeddable":true,"href":"https:\/\/maugojewelry.com\/en\/wp-json\/wp\/v2\/product_cat?post=8110"},{"taxonomy":"product_tag","embeddable":true,"href":"https:\/\/maugojewelry.com\/en\/wp-json\/wp\/v2\/product_tag?post=8110"}],"curies":[{"name":"wp","href":"https:\/\/api.w.org\/{rel}","templated":true}]}}