{"id":8126,"date":"2024-12-09T00:14:47","date_gmt":"2024-12-08T22:44:47","guid":{"rendered":"https:\/\/maugojewelry.com\/?post_type=product&#038;p=8126"},"modified":"2026-03-28T11:26:32","modified_gmt":"2026-03-28T10:26:32","slug":"piedra-ring-agat-blue-lace","status":"publish","type":"product","link":"https:\/\/maugojewelry.com\/en\/produkt\/piedra-ring-agat-blue-lace\/","title":{"rendered":"Piedra Ring Agate Blue Lace"},"excerpt":{"rendered":"<p>Nowoczesne po\u0142\u0105czenie stylu vintage. Masywny sygnet z naturalnym, r\u0119cznie szlifowanym agatem koronkowym. Kamie\u0144 otoczony jest pier\u015bcieniami, kt\u00f3re nadaj\u0105 sygnetowi wyj\u0105tkowy charakter. Agat jest kamieniem naturalnym i ka\u017cdy egzemplarz mo\u017ce si\u0119 minimalnie r\u00f3\u017cni\u0107.<\/p>\n<p>&nbsp;<\/p>\n<p>Materia\u0142: srebro 925, agat koronkowy<\/p>\n<p>Wymiary kamienia: 10\u00d714 mm<\/p>\n<p>Waga: 4,3 g (srebro)<\/p>\n<p>&nbsp;<\/p>\n<p>Pier\u015bcionek zaprojektowany i wykonany w Polsce.<\/p>\n","protected":false},"featured_media":8079,"comment_status":"closed","ping_status":"closed","template":"","meta":{"_acf_changed":false},"product_brand":[],"product_cat":[2098,2090],"product_tag":[],"class_list":{"0":"post-8126","1":"product","2":"type-product","3":"status-publish","4":"has-post-thumbnail","6":"product_cat-rings-en","7":"product_cat-bez-kategorii","9":"first","10":"instock","11":"shipping-taxable","12":"purchasable","13":"product-type-variable"},"acf":[],"aioseo_notices":[],"_links":{"self":[{"href":"https:\/\/maugojewelry.com\/en\/wp-json\/wp\/v2\/product\/8126","targetHints":{"allow":["GET"]}}],"collection":[{"href":"https:\/\/maugojewelry.com\/en\/wp-json\/wp\/v2\/product"}],"about":[{"href":"https:\/\/maugojewelry.com\/en\/wp-json\/wp\/v2\/types\/product"}],"replies":[{"embeddable":true,"href":"https:\/\/maugojewelry.com\/en\/wp-json\/wp\/v2\/comments?post=8126"}],"wp:featuredmedia":[{"embeddable":true,"href":"https:\/\/maugojewelry.com\/en\/wp-json\/wp\/v2\/media\/8079"}],"wp:attachment":[{"href":"https:\/\/maugojewelry.com\/en\/wp-json\/wp\/v2\/media?parent=8126"}],"wp:term":[{"taxonomy":"product_brand","embeddable":true,"href":"https:\/\/maugojewelry.com\/en\/wp-json\/wp\/v2\/product_brand?post=8126"},{"taxonomy":"product_cat","embeddable":true,"href":"https:\/\/maugojewelry.com\/en\/wp-json\/wp\/v2\/product_cat?post=8126"},{"taxonomy":"product_tag","embeddable":true,"href":"https:\/\/maugojewelry.com\/en\/wp-json\/wp\/v2\/product_tag?post=8126"}],"curies":[{"name":"wp","href":"https:\/\/api.w.org\/{rel}","templated":true}]}}