{"id":8256,"date":"2025-01-22T00:01:07","date_gmt":"2025-01-21T22:31:07","guid":{"rendered":"https:\/\/maugojewelry.com\/?post_type=product&#038;p=8256"},"modified":"2026-04-07T15:45:59","modified_gmt":"2026-04-07T14:45:59","slug":"signature-signet-necklace-ii","status":"publish","type":"product","link":"https:\/\/maugojewelry.com\/en\/produkt\/signature-signet-necklace-ii\/","title":{"rendered":"Signature Signet Necklace II"},"excerpt":{"rendered":"<p>Naszyjnik z owaln\u0105 zawieszk\u0105 z agatem dendrytowym wykonany z \u017c\u00f3\u0142tego z\u0142ota 585 (14ct), srebra lub srebra poz\u0142acanego 18-karatowym z\u0142otem.<\/p>\n<p>&nbsp;<\/p>\n<ul>\n<li>Materia\u0142: z\u0142oto 585 (14ct.) lub srebro 925<\/li>\n<li>Kamie\u0144: agat dendrytowy<\/li>\n<li>Wymiary kamienia: 8&#215;10 mm<\/li>\n<li>Ka\u017cdy egzemplarz mo\u017ce si\u0119 minimalnie r\u00f3\u017cni\u0107<\/li>\n<\/ul>\n","protected":false},"featured_media":7412,"comment_status":"closed","ping_status":"closed","template":"","meta":{"_acf_changed":false},"product_brand":[],"product_cat":[16,20,2068],"product_tag":[],"class_list":{"0":"post-8256","1":"product","2":"type-product","3":"status-publish","4":"has-post-thumbnail","6":"product_cat-all","7":"product_cat-necklaces","8":"product_cat-solid-gold","10":"first","11":"instock","12":"shipping-taxable","13":"purchasable","14":"product-type-variable"},"acf":[],"aioseo_notices":[],"_links":{"self":[{"href":"https:\/\/maugojewelry.com\/en\/wp-json\/wp\/v2\/product\/8256","targetHints":{"allow":["GET"]}}],"collection":[{"href":"https:\/\/maugojewelry.com\/en\/wp-json\/wp\/v2\/product"}],"about":[{"href":"https:\/\/maugojewelry.com\/en\/wp-json\/wp\/v2\/types\/product"}],"replies":[{"embeddable":true,"href":"https:\/\/maugojewelry.com\/en\/wp-json\/wp\/v2\/comments?post=8256"}],"wp:featuredmedia":[{"embeddable":true,"href":"https:\/\/maugojewelry.com\/en\/wp-json\/wp\/v2\/media\/7412"}],"wp:attachment":[{"href":"https:\/\/maugojewelry.com\/en\/wp-json\/wp\/v2\/media?parent=8256"}],"wp:term":[{"taxonomy":"product_brand","embeddable":true,"href":"https:\/\/maugojewelry.com\/en\/wp-json\/wp\/v2\/product_brand?post=8256"},{"taxonomy":"product_cat","embeddable":true,"href":"https:\/\/maugojewelry.com\/en\/wp-json\/wp\/v2\/product_cat?post=8256"},{"taxonomy":"product_tag","embeddable":true,"href":"https:\/\/maugojewelry.com\/en\/wp-json\/wp\/v2\/product_tag?post=8256"}],"curies":[{"name":"wp","href":"https:\/\/api.w.org\/{rel}","templated":true}]}}