{"id":8296,"date":"2025-02-11T18:59:06","date_gmt":"2025-02-11T17:29:06","guid":{"rendered":"https:\/\/maugojewelry.com\/?post_type=product&#038;p=8296"},"modified":"2026-01-22T20:26:50","modified_gmt":"2026-01-22T19:26:50","slug":"vintage-heart-cherry-amber-ring","status":"publish","type":"product","link":"https:\/\/maugojewelry.com\/en\/produkt\/vintage-heart-cherry-amber-ring\/","title":{"rendered":"Vintage Heart Honey Amber Ring"},"excerpt":{"rendered":"<p>Pier\u015bcionek Vintage Heart z limitowanej kolekcji zosta\u0142 wykonany r\u0119cznie w srebrze 925 rzemie\u015blniczymi technikami. Pier\u015bcionek pochodzi ze zbior\u00f3w naszej rodzinnej pracowni. Nadali\u015bmy mu &#8216;nowe \u017cycie&#8217; wstawiaj\u0105c r\u0119cznie szlifowane serduszko z naturalnego bursztynu ba\u0142tyckiego w odcieniu miodowym.<\/p>\n<p>&nbsp;<\/p>\n<p>Sygnety dost\u0119pne s\u0105 w limitowanej ilo\u015bci i ka\u017cdy egzemplarz jest unikatowy.<\/p>\n<p><strong>Wyprodukowane w Polsce.<\/strong><\/p>\n<p>&nbsp;<\/p>\n<p>Materia\u0142: srebro 925, bursztyn ba\u0142tycki<\/p>\n<p>Wymiary kamienia: ~ 7,9 x 8,6 mm<\/p>\n<p>Waga pier\u015bcionka: ~ 2,4 g<\/p>\n","protected":false},"featured_media":8297,"comment_status":"closed","ping_status":"closed","template":"","meta":{"_acf_changed":false},"product_brand":[],"product_cat":[2090,2098],"product_tag":[],"class_list":{"0":"post-8296","1":"product","2":"type-product","3":"status-publish","4":"has-post-thumbnail","6":"product_cat-bez-kategorii","7":"product_cat-rings-en","9":"first","10":"instock","11":"shipping-taxable","12":"purchasable","13":"product-type-variable"},"acf":[],"aioseo_notices":[],"_links":{"self":[{"href":"https:\/\/maugojewelry.com\/en\/wp-json\/wp\/v2\/product\/8296","targetHints":{"allow":["GET"]}}],"collection":[{"href":"https:\/\/maugojewelry.com\/en\/wp-json\/wp\/v2\/product"}],"about":[{"href":"https:\/\/maugojewelry.com\/en\/wp-json\/wp\/v2\/types\/product"}],"replies":[{"embeddable":true,"href":"https:\/\/maugojewelry.com\/en\/wp-json\/wp\/v2\/comments?post=8296"}],"wp:featuredmedia":[{"embeddable":true,"href":"https:\/\/maugojewelry.com\/en\/wp-json\/wp\/v2\/media\/8297"}],"wp:attachment":[{"href":"https:\/\/maugojewelry.com\/en\/wp-json\/wp\/v2\/media?parent=8296"}],"wp:term":[{"taxonomy":"product_brand","embeddable":true,"href":"https:\/\/maugojewelry.com\/en\/wp-json\/wp\/v2\/product_brand?post=8296"},{"taxonomy":"product_cat","embeddable":true,"href":"https:\/\/maugojewelry.com\/en\/wp-json\/wp\/v2\/product_cat?post=8296"},{"taxonomy":"product_tag","embeddable":true,"href":"https:\/\/maugojewelry.com\/en\/wp-json\/wp\/v2\/product_tag?post=8296"}],"curies":[{"name":"wp","href":"https:\/\/api.w.org\/{rel}","templated":true}]}}