{"id":8326,"date":"2025-02-18T17:32:05","date_gmt":"2025-02-18T16:02:05","guid":{"rendered":"https:\/\/maugojewelry.com\/?post_type=product&#038;p=8326"},"modified":"2025-12-12T20:50:15","modified_gmt":"2025-12-12T19:50:15","slug":"karta-upominkowa","status":"publish","type":"product","link":"https:\/\/maugojewelry.com\/en\/produkt\/karta-upominkowa\/","title":{"rendered":"Karta Upominkowa"},"excerpt":{"rendered":"<p>Karta podarunkowa to idealny pomys\u0142 na trafiony prezent.<\/p>\n<p>Karta zawiera kod, kt\u00f3ry mo\u017cesz zrealizowa\u0107 na stronie internetowej w ci\u0105gu roku.<\/p>\n","protected":false},"featured_media":9775,"comment_status":"closed","ping_status":"closed","template":"","meta":{"_acf_changed":false},"product_brand":[],"product_cat":[16,2061,2088],"product_tag":[],"class_list":{"0":"post-8326","1":"product","2":"type-product","3":"status-publish","4":"has-post-thumbnail","6":"product_cat-all","7":"product_cat-nowosci","8":"product_cat-karty-podarunkowe","10":"first","11":"instock","12":"shipping-taxable","13":"purchasable","14":"product-type-variable"},"acf":[],"aioseo_notices":[],"_links":{"self":[{"href":"https:\/\/maugojewelry.com\/en\/wp-json\/wp\/v2\/product\/8326","targetHints":{"allow":["GET"]}}],"collection":[{"href":"https:\/\/maugojewelry.com\/en\/wp-json\/wp\/v2\/product"}],"about":[{"href":"https:\/\/maugojewelry.com\/en\/wp-json\/wp\/v2\/types\/product"}],"replies":[{"embeddable":true,"href":"https:\/\/maugojewelry.com\/en\/wp-json\/wp\/v2\/comments?post=8326"}],"wp:featuredmedia":[{"embeddable":true,"href":"https:\/\/maugojewelry.com\/en\/wp-json\/wp\/v2\/media\/9775"}],"wp:attachment":[{"href":"https:\/\/maugojewelry.com\/en\/wp-json\/wp\/v2\/media?parent=8326"}],"wp:term":[{"taxonomy":"product_brand","embeddable":true,"href":"https:\/\/maugojewelry.com\/en\/wp-json\/wp\/v2\/product_brand?post=8326"},{"taxonomy":"product_cat","embeddable":true,"href":"https:\/\/maugojewelry.com\/en\/wp-json\/wp\/v2\/product_cat?post=8326"},{"taxonomy":"product_tag","embeddable":true,"href":"https:\/\/maugojewelry.com\/en\/wp-json\/wp\/v2\/product_tag?post=8326"}],"curies":[{"name":"wp","href":"https:\/\/api.w.org\/{rel}","templated":true}]}}