{"id":863,"date":"2021-10-09T18:47:01","date_gmt":"2021-10-09T18:47:01","guid":{"rendered":"https:\/\/maugojewelry.com\/?post_type=product&#038;p=863"},"modified":"2026-01-21T01:16:13","modified_gmt":"2026-01-21T00:16:13","slug":"star-signet-ring","status":"publish","type":"product","link":"https:\/\/maugojewelry.com\/en\/produkt\/star-signet-ring\/","title":{"rendered":"Star Signet Ring"},"excerpt":{"rendered":"<p>Sygnet z diamentem 0.015 ct. (1,5mm) wykonany ze z\u0142ota 585 (14ct.) lub w wersji srebrnej sygnet z cyrkoni\u0105 (1,5mm). Pier\u015bcionek wykonany jest tradycyjnymi technikami jubilerskimi.<\/p>\n<ul>\n<li>Materia\u0142: \u017c\u00f3\u0142te z\u0142oto\/ srebro\/ srebro poz\u0142acane 23-karatowym z\u0142otem<\/li>\n<li>Kamie\u0144: brylant 0,015 ct. (1,5mm) lub cyrkonia (1,5mm)<\/li>\n<li>Czysto\u015b\u0107 diamentu: SI1<\/li>\n<li>Wymiary: tarcza pier\u015bcionka wynosi 10 mm<\/li>\n<\/ul>\n<p>&nbsp;<\/p>\n","protected":false},"featured_media":808,"comment_status":"open","ping_status":"closed","template":"","meta":{"_acf_changed":false},"product_brand":[],"product_cat":[17,16,2068],"product_tag":[],"class_list":{"0":"post-863","1":"product","2":"type-product","3":"status-publish","4":"has-post-thumbnail","6":"product_cat-rings","7":"product_cat-all","8":"product_cat-solid-gold","10":"first","11":"instock","12":"shipping-taxable","13":"purchasable","14":"product-type-variable","15":"has-default-attributes"},"acf":[],"aioseo_notices":[],"_links":{"self":[{"href":"https:\/\/maugojewelry.com\/en\/wp-json\/wp\/v2\/product\/863","targetHints":{"allow":["GET"]}}],"collection":[{"href":"https:\/\/maugojewelry.com\/en\/wp-json\/wp\/v2\/product"}],"about":[{"href":"https:\/\/maugojewelry.com\/en\/wp-json\/wp\/v2\/types\/product"}],"replies":[{"embeddable":true,"href":"https:\/\/maugojewelry.com\/en\/wp-json\/wp\/v2\/comments?post=863"}],"wp:featuredmedia":[{"embeddable":true,"href":"https:\/\/maugojewelry.com\/en\/wp-json\/wp\/v2\/media\/808"}],"wp:attachment":[{"href":"https:\/\/maugojewelry.com\/en\/wp-json\/wp\/v2\/media?parent=863"}],"wp:term":[{"taxonomy":"product_brand","embeddable":true,"href":"https:\/\/maugojewelry.com\/en\/wp-json\/wp\/v2\/product_brand?post=863"},{"taxonomy":"product_cat","embeddable":true,"href":"https:\/\/maugojewelry.com\/en\/wp-json\/wp\/v2\/product_cat?post=863"},{"taxonomy":"product_tag","embeddable":true,"href":"https:\/\/maugojewelry.com\/en\/wp-json\/wp\/v2\/product_tag?post=863"}],"curies":[{"name":"wp","href":"https:\/\/api.w.org\/{rel}","templated":true}]}}