{"id":892,"date":"2021-10-09T20:34:49","date_gmt":"2021-10-09T20:34:49","guid":{"rendered":"https:\/\/maugojewelry.com\/?post_type=product&#038;p=892"},"modified":"2026-01-21T01:21:18","modified_gmt":"2026-01-21T00:21:18","slug":"initial-signet-ring","status":"publish","type":"product","link":"https:\/\/maugojewelry.com\/en\/produkt\/initial-signet-ring\/","title":{"rendered":"Initial Signet Ring"},"excerpt":{"rendered":"<p>Klasyczny sygnet z lustrzan\u0105 powierzchni\u0105 wykonany tradycyjnymi technikami jubilerskimi. Dost\u0119pny w 3 wariantach: z\u0142ocie 585, srebrze 925 i srebrze 925 poz\u0142acanym 23-karatowym z\u0142otem. Pier\u015bcionek mo\u017ce by\u0107 personalizowany grawerem.<\/p>\n<p>&nbsp;<\/p>\n<ul>\n<li>Surowiec: \u017c\u00f3\u0142te z\u0142oto 585, srebro, srebro z\u0142ocone 23-karatowym z\u0142otem<\/li>\n<li>Tarcza pier\u015bcionka wynosi 10 mm<\/li>\n<li>Grawer jednej litery jest w cenie produktu<\/li>\n<li>Bi\u017cuteria personalizowana grawerem nie podlega zwrotowi<\/li>\n<\/ul>\n<p>&nbsp;<\/p>\n<p>*Produkt zaprojektowany i wykonany w Polsce.<\/p>\n<p>&nbsp;<\/p>\n<p>&nbsp;<\/p>\n","protected":false},"featured_media":644,"comment_status":"open","ping_status":"closed","template":"","meta":{"_acf_changed":false},"product_brand":[],"product_cat":[17,16,2068],"product_tag":[],"class_list":{"0":"post-892","1":"product","2":"type-product","3":"status-publish","4":"has-post-thumbnail","6":"product_cat-rings","7":"product_cat-all","8":"product_cat-solid-gold","10":"first","11":"instock","12":"shipping-taxable","13":"purchasable","14":"product-type-variable"},"acf":[],"aioseo_notices":[],"_links":{"self":[{"href":"https:\/\/maugojewelry.com\/en\/wp-json\/wp\/v2\/product\/892","targetHints":{"allow":["GET"]}}],"collection":[{"href":"https:\/\/maugojewelry.com\/en\/wp-json\/wp\/v2\/product"}],"about":[{"href":"https:\/\/maugojewelry.com\/en\/wp-json\/wp\/v2\/types\/product"}],"replies":[{"embeddable":true,"href":"https:\/\/maugojewelry.com\/en\/wp-json\/wp\/v2\/comments?post=892"}],"wp:featuredmedia":[{"embeddable":true,"href":"https:\/\/maugojewelry.com\/en\/wp-json\/wp\/v2\/media\/644"}],"wp:attachment":[{"href":"https:\/\/maugojewelry.com\/en\/wp-json\/wp\/v2\/media?parent=892"}],"wp:term":[{"taxonomy":"product_brand","embeddable":true,"href":"https:\/\/maugojewelry.com\/en\/wp-json\/wp\/v2\/product_brand?post=892"},{"taxonomy":"product_cat","embeddable":true,"href":"https:\/\/maugojewelry.com\/en\/wp-json\/wp\/v2\/product_cat?post=892"},{"taxonomy":"product_tag","embeddable":true,"href":"https:\/\/maugojewelry.com\/en\/wp-json\/wp\/v2\/product_tag?post=892"}],"curies":[{"name":"wp","href":"https:\/\/api.w.org\/{rel}","templated":true}]}}