{"id":895,"date":"2021-10-09T21:14:55","date_gmt":"2021-10-09T21:14:55","guid":{"rendered":"https:\/\/maugojewelry.com\/?post_type=product&#038;p=895"},"modified":"2026-04-07T15:30:31","modified_gmt":"2026-04-07T14:30:31","slug":"dome-ring-i","status":"publish","type":"product","link":"https:\/\/maugojewelry.com\/en\/produkt\/dome-ring-i\/","title":{"rendered":"Classic Dome Ring"},"excerpt":{"rendered":"<p>Sygnet o wyj\u0105tkowym ob\u0142ym kszta\u0142cie wykonany z \u017c\u00f3\u0142tego z\u0142ota 585 (14ct.) lub srebra 925.<\/p>\n<ul>\n<li>Surowiec: z\u0142oto 585\/ srebro 925\/ srebro z\u0142ocone 18-karatowym z\u0142otem<\/li>\n<li>Wymiary:\u00a0\u00a0szeroko\u015b\u0107 obr\u0105czki ok 6 mm(prz\u00f3d),\u00a0 2,5 mm(ty\u0142)<\/li>\n<\/ul>\n","protected":false},"featured_media":587,"comment_status":"open","ping_status":"closed","template":"","meta":{"_acf_changed":false},"product_brand":[],"product_cat":[17,16,2068],"product_tag":[],"class_list":{"0":"post-895","1":"product","2":"type-product","3":"status-publish","4":"has-post-thumbnail","6":"product_cat-rings","7":"product_cat-all","8":"product_cat-solid-gold","10":"first","11":"instock","12":"shipping-taxable","13":"purchasable","14":"product-type-variable"},"acf":[],"aioseo_notices":[],"_links":{"self":[{"href":"https:\/\/maugojewelry.com\/en\/wp-json\/wp\/v2\/product\/895","targetHints":{"allow":["GET"]}}],"collection":[{"href":"https:\/\/maugojewelry.com\/en\/wp-json\/wp\/v2\/product"}],"about":[{"href":"https:\/\/maugojewelry.com\/en\/wp-json\/wp\/v2\/types\/product"}],"replies":[{"embeddable":true,"href":"https:\/\/maugojewelry.com\/en\/wp-json\/wp\/v2\/comments?post=895"}],"wp:featuredmedia":[{"embeddable":true,"href":"https:\/\/maugojewelry.com\/en\/wp-json\/wp\/v2\/media\/587"}],"wp:attachment":[{"href":"https:\/\/maugojewelry.com\/en\/wp-json\/wp\/v2\/media?parent=895"}],"wp:term":[{"taxonomy":"product_brand","embeddable":true,"href":"https:\/\/maugojewelry.com\/en\/wp-json\/wp\/v2\/product_brand?post=895"},{"taxonomy":"product_cat","embeddable":true,"href":"https:\/\/maugojewelry.com\/en\/wp-json\/wp\/v2\/product_cat?post=895"},{"taxonomy":"product_tag","embeddable":true,"href":"https:\/\/maugojewelry.com\/en\/wp-json\/wp\/v2\/product_tag?post=895"}],"curies":[{"name":"wp","href":"https:\/\/api.w.org\/{rel}","templated":true}]}}