{"id":897,"date":"2021-10-09T21:40:22","date_gmt":"2021-10-09T21:40:22","guid":{"rendered":"https:\/\/maugojewelry.com\/?post_type=product&#038;p=897"},"modified":"2025-10-01T00:29:45","modified_gmt":"2025-09-30T22:59:45","slug":"dome-diamond-ring","status":"publish","type":"product","link":"https:\/\/maugojewelry.com\/en\/produkt\/dome-diamond-ring\/","title":{"rendered":"Dome Diamond Ring"},"excerpt":{"rendered":"<p>Delikatny sygnet o wyj\u0105tkowym ob\u0142ym kszta\u0142cie wysadzany 10 brylantami (0,01ct). Wykonany z \u017c\u00f3\u0142tego z\u0142ota 585 (14ct).<\/p>\n<p>&nbsp;<\/p>\n<p>&nbsp;<\/p>\n<ul>\n<li>Surowiec: z\u0142oto 585 (14ct)<\/li>\n<li>Kamie\u0144: brylant, 10 kamieni 0,01 ct (1,25 mm)<\/li>\n<li>Czysto\u015b\u0107 diamentu: Si1<\/li>\n<li>Wymiary: szeroko\u015b\u0107 obr\u0105czki ok 6 mm(prz\u00f3d), 3 mm(ty\u0142)<\/li>\n<\/ul>\n","protected":false},"featured_media":899,"comment_status":"open","ping_status":"closed","template":"","meta":{"_acf_changed":false},"product_brand":[],"product_cat":[17,16,2068],"product_tag":[],"class_list":{"0":"post-897","1":"product","2":"type-product","3":"status-publish","4":"has-post-thumbnail","6":"product_cat-rings","7":"product_cat-all","8":"product_cat-solid-gold","10":"first","11":"instock","12":"shipping-taxable","13":"purchasable","14":"product-type-variable"},"acf":[],"aioseo_notices":[],"_links":{"self":[{"href":"https:\/\/maugojewelry.com\/en\/wp-json\/wp\/v2\/product\/897","targetHints":{"allow":["GET"]}}],"collection":[{"href":"https:\/\/maugojewelry.com\/en\/wp-json\/wp\/v2\/product"}],"about":[{"href":"https:\/\/maugojewelry.com\/en\/wp-json\/wp\/v2\/types\/product"}],"replies":[{"embeddable":true,"href":"https:\/\/maugojewelry.com\/en\/wp-json\/wp\/v2\/comments?post=897"}],"wp:featuredmedia":[{"embeddable":true,"href":"https:\/\/maugojewelry.com\/en\/wp-json\/wp\/v2\/media\/899"}],"wp:attachment":[{"href":"https:\/\/maugojewelry.com\/en\/wp-json\/wp\/v2\/media?parent=897"}],"wp:term":[{"taxonomy":"product_brand","embeddable":true,"href":"https:\/\/maugojewelry.com\/en\/wp-json\/wp\/v2\/product_brand?post=897"},{"taxonomy":"product_cat","embeddable":true,"href":"https:\/\/maugojewelry.com\/en\/wp-json\/wp\/v2\/product_cat?post=897"},{"taxonomy":"product_tag","embeddable":true,"href":"https:\/\/maugojewelry.com\/en\/wp-json\/wp\/v2\/product_tag?post=897"}],"curies":[{"name":"wp","href":"https:\/\/api.w.org\/{rel}","templated":true}]}}