{"id":9172,"date":"2025-06-04T19:37:34","date_gmt":"2025-06-04T18:07:34","guid":{"rendered":"https:\/\/maugojewelry.com\/?post_type=product&#038;p=9172"},"modified":"2026-04-07T14:04:16","modified_gmt":"2026-04-07T13:04:16","slug":"glace-drop-earrings","status":"publish","type":"product","link":"https:\/\/maugojewelry.com\/en\/produkt\/glace-drop-earrings\/","title":{"rendered":"Glac\u00e8 Drop Earrings"},"excerpt":{"rendered":"<p>Kolczyki k\u00f3\u0142ka z zawieszk\u0105 w formie nieregularnej czapeczki z naturalnym kwarcem przezroczystym. Zawieszki mo\u017cna zdejmowa\u0107 i nosi\u0107 same k\u00f3\u0142ka. Wykonane z \u017c\u00f3\u0142tego z\u0142ota pr\u00f3by 585 (14K), srebra 925 lub poz\u0142acanego srebra.<\/p>\n<p>&nbsp;<\/p>\n<p>Surowiec: z\u0142oto 585\/ srebro 925\/ srebro z\u0142ocone 18-karatowym z\u0142otem<\/p>\n<p>Kamie\u0144: kwarc przezroczysty<\/p>\n<p>\u015arednica kamienia: ok. 9 mm<\/p>\n<p>Ko\u0142a maj\u0105 \u015brednic\u0119 15 mm i ok. 1,5 mm grubo\u015bci<\/p>\n<p>&nbsp;<\/p>\n<p>*Produkt zaprojektowany i wykonany w Polsce.<\/p>\n<p>&nbsp;<\/p>\n","protected":false},"featured_media":7732,"comment_status":"closed","ping_status":"closed","template":"","meta":{"_acf_changed":false},"product_brand":[],"product_cat":[16,18,2068],"product_tag":[],"class_list":{"0":"post-9172","1":"product","2":"type-product","3":"status-publish","4":"has-post-thumbnail","6":"product_cat-all","7":"product_cat-earrings","8":"product_cat-solid-gold","10":"first","11":"instock","12":"shipping-taxable","13":"purchasable","14":"product-type-variable"},"acf":[],"aioseo_notices":[],"_links":{"self":[{"href":"https:\/\/maugojewelry.com\/en\/wp-json\/wp\/v2\/product\/9172","targetHints":{"allow":["GET"]}}],"collection":[{"href":"https:\/\/maugojewelry.com\/en\/wp-json\/wp\/v2\/product"}],"about":[{"href":"https:\/\/maugojewelry.com\/en\/wp-json\/wp\/v2\/types\/product"}],"replies":[{"embeddable":true,"href":"https:\/\/maugojewelry.com\/en\/wp-json\/wp\/v2\/comments?post=9172"}],"wp:featuredmedia":[{"embeddable":true,"href":"https:\/\/maugojewelry.com\/en\/wp-json\/wp\/v2\/media\/7732"}],"wp:attachment":[{"href":"https:\/\/maugojewelry.com\/en\/wp-json\/wp\/v2\/media?parent=9172"}],"wp:term":[{"taxonomy":"product_brand","embeddable":true,"href":"https:\/\/maugojewelry.com\/en\/wp-json\/wp\/v2\/product_brand?post=9172"},{"taxonomy":"product_cat","embeddable":true,"href":"https:\/\/maugojewelry.com\/en\/wp-json\/wp\/v2\/product_cat?post=9172"},{"taxonomy":"product_tag","embeddable":true,"href":"https:\/\/maugojewelry.com\/en\/wp-json\/wp\/v2\/product_tag?post=9172"}],"curies":[{"name":"wp","href":"https:\/\/api.w.org\/{rel}","templated":true}]}}