{"id":9177,"date":"2025-06-04T20:18:20","date_gmt":"2025-06-04T18:48:20","guid":{"rendered":"https:\/\/maugojewelry.com\/?post_type=product&#038;p=9177"},"modified":"2026-02-27T00:09:56","modified_gmt":"2026-02-26T23:09:56","slug":"gotas-pearl-earrings","status":"publish","type":"product","link":"https:\/\/maugojewelry.com\/en\/produkt\/gotas-pearl-earrings\/","title":{"rendered":"Gotas Pearl Earrings"},"excerpt":{"rendered":"<p>Nowa ods\u0142ona kolczyk\u00f3w Gotas z okr\u0105g\u0142\u0105 per\u0142\u0105 hodowan\u0105 o kremowym kolorze. Kolczyki wykonane s\u0105 ze srebra 925 i pokryte 18-karatowym z\u0142otem.<\/p>\n<p>&nbsp;<\/p>\n<p>Materia\u0142: srebro 925<\/p>\n<p>Kamie\u0144:\u00a0 naturalna per\u0142a hodowana<\/p>\n<p>Wymiary: per\u0142a ma ok. 10 mm \u015brednicy<\/p>\n<p>Waga (srebro): 0,8 g para<\/p>\n<p>&nbsp;<\/p>\n<p>Ka\u017cda para pere\u0142 jest inna i jej kolor oraz kszta\u0142t mo\u017ce si\u0119 delikatnie r\u00f3\u017cni\u0107.<\/p>\n","protected":false},"featured_media":9179,"comment_status":"closed","ping_status":"closed","template":"","meta":{"_acf_changed":false},"product_brand":[],"product_cat":[16,18],"product_tag":[],"class_list":{"0":"post-9177","1":"product","2":"type-product","3":"status-publish","4":"has-post-thumbnail","6":"product_cat-all","7":"product_cat-earrings","9":"first","10":"instock","11":"shipping-taxable","12":"purchasable","13":"product-type-variable"},"acf":[],"aioseo_notices":[],"_links":{"self":[{"href":"https:\/\/maugojewelry.com\/en\/wp-json\/wp\/v2\/product\/9177","targetHints":{"allow":["GET"]}}],"collection":[{"href":"https:\/\/maugojewelry.com\/en\/wp-json\/wp\/v2\/product"}],"about":[{"href":"https:\/\/maugojewelry.com\/en\/wp-json\/wp\/v2\/types\/product"}],"replies":[{"embeddable":true,"href":"https:\/\/maugojewelry.com\/en\/wp-json\/wp\/v2\/comments?post=9177"}],"wp:featuredmedia":[{"embeddable":true,"href":"https:\/\/maugojewelry.com\/en\/wp-json\/wp\/v2\/media\/9179"}],"wp:attachment":[{"href":"https:\/\/maugojewelry.com\/en\/wp-json\/wp\/v2\/media?parent=9177"}],"wp:term":[{"taxonomy":"product_brand","embeddable":true,"href":"https:\/\/maugojewelry.com\/en\/wp-json\/wp\/v2\/product_brand?post=9177"},{"taxonomy":"product_cat","embeddable":true,"href":"https:\/\/maugojewelry.com\/en\/wp-json\/wp\/v2\/product_cat?post=9177"},{"taxonomy":"product_tag","embeddable":true,"href":"https:\/\/maugojewelry.com\/en\/wp-json\/wp\/v2\/product_tag?post=9177"}],"curies":[{"name":"wp","href":"https:\/\/api.w.org\/{rel}","templated":true}]}}