{"id":9251,"date":"2025-06-26T21:55:11","date_gmt":"2025-06-26T20:25:11","guid":{"rendered":"https:\/\/maugojewelry.com\/?post_type=product&#038;p=9251"},"modified":"2026-02-27T00:09:57","modified_gmt":"2026-02-26T23:09:57","slug":"double-dome-earcuff","status":"publish","type":"product","link":"https:\/\/maugojewelry.com\/en\/produkt\/double-dome-earcuff\/","title":{"rendered":"Double D\u00f4me Earcuff"},"excerpt":{"rendered":"<p>Nausznica Double D\u00f4me to ca\u0142kowicie g\u0142adka podw\u00f3jna nausznica na ca\u0142ej d\u0142ugo\u015bci. Podw\u00f3jne pier\u015bcienie sprawiaj\u0105 wra\u017cenie noszenia dw\u00f3ch , przy jednoczesnym komforcie noszenia tylko jednego. Wykonana ze srebra 925 lub srebra 925 i poz\u0142acana 24-karatowym z\u0142otem. \u015awietnie sprawdzi si\u0119 te\u017c\u00a0 w komplecie z kolczykami Double D\u00f4me.<\/p>\n<p>&nbsp;<\/p>\n<p>Ten model nausznicy nie jest regulowany. Nie mo\u017cna jej rozgina\u0107 ani \u015bciska\u0107. Zalecamy zak\u0142adanie nausznicy od g\u00f3ry ucha.<\/p>\n<p>&nbsp;<\/p>\n<p>Waga:\u00a0 4,4 g<\/p>\n<p>Wymiary: 18,5 x 7,6 mm<\/p>\n","protected":false},"featured_media":9256,"comment_status":"closed","ping_status":"closed","template":"","meta":{"_acf_changed":false},"product_brand":[],"product_cat":[18,2107,16],"product_tag":[],"class_list":{"0":"post-9251","1":"product","2":"type-product","3":"status-publish","4":"has-post-thumbnail","6":"product_cat-earrings","7":"product_cat-nausznice","8":"product_cat-all","10":"first","11":"instock","12":"shipping-taxable","13":"purchasable","14":"product-type-variable"},"acf":[],"aioseo_notices":[],"_links":{"self":[{"href":"https:\/\/maugojewelry.com\/en\/wp-json\/wp\/v2\/product\/9251","targetHints":{"allow":["GET"]}}],"collection":[{"href":"https:\/\/maugojewelry.com\/en\/wp-json\/wp\/v2\/product"}],"about":[{"href":"https:\/\/maugojewelry.com\/en\/wp-json\/wp\/v2\/types\/product"}],"replies":[{"embeddable":true,"href":"https:\/\/maugojewelry.com\/en\/wp-json\/wp\/v2\/comments?post=9251"}],"wp:featuredmedia":[{"embeddable":true,"href":"https:\/\/maugojewelry.com\/en\/wp-json\/wp\/v2\/media\/9256"}],"wp:attachment":[{"href":"https:\/\/maugojewelry.com\/en\/wp-json\/wp\/v2\/media?parent=9251"}],"wp:term":[{"taxonomy":"product_brand","embeddable":true,"href":"https:\/\/maugojewelry.com\/en\/wp-json\/wp\/v2\/product_brand?post=9251"},{"taxonomy":"product_cat","embeddable":true,"href":"https:\/\/maugojewelry.com\/en\/wp-json\/wp\/v2\/product_cat?post=9251"},{"taxonomy":"product_tag","embeddable":true,"href":"https:\/\/maugojewelry.com\/en\/wp-json\/wp\/v2\/product_tag?post=9251"}],"curies":[{"name":"wp","href":"https:\/\/api.w.org\/{rel}","templated":true}]}}