{"id":9260,"date":"2025-06-26T23:31:02","date_gmt":"2025-06-26T22:01:02","guid":{"rendered":"https:\/\/maugojewelry.com\/?post_type=product&#038;p=9260"},"modified":"2025-12-17T13:47:56","modified_gmt":"2025-12-17T12:47:56","slug":"classic-dome-earcuff","status":"publish","type":"product","link":"https:\/\/maugojewelry.com\/en\/produkt\/classic-dome-earcuff\/","title":{"rendered":"Classic D\u00f4me Earcuff"},"excerpt":{"rendered":"<p>Klasyczna nausznica o g\u0142adkiej powierzchni wykonana ze srebra 925 lub srebra 925 poz\u0142acanego 24-karatowym z\u0142otem.<\/p>\n<p>&nbsp;<\/p>\n<p>Ten model nausznicy nie jest regulowany. Nie mo\u017cna jej rozgina\u0107 ani \u015bciska\u0107. Zalecamy zak\u0142adanie nausznicy od g\u00f3ry ucha.<\/p>\n<p>&nbsp;<\/p>\n<p>&nbsp;<\/p>\n<p>Waga: 2,4 g<\/p>\n<p>Wymiary: 18,5 x 3,8 mm<\/p>\n","protected":false},"featured_media":9263,"comment_status":"closed","ping_status":"closed","template":"","meta":{"_acf_changed":false},"product_brand":[],"product_cat":[2107,16],"product_tag":[],"class_list":{"0":"post-9260","1":"product","2":"type-product","3":"status-publish","4":"has-post-thumbnail","6":"product_cat-nausznice","7":"product_cat-all","9":"first","10":"instock","11":"shipping-taxable","12":"purchasable","13":"product-type-variable"},"acf":[],"aioseo_notices":[],"_links":{"self":[{"href":"https:\/\/maugojewelry.com\/en\/wp-json\/wp\/v2\/product\/9260","targetHints":{"allow":["GET"]}}],"collection":[{"href":"https:\/\/maugojewelry.com\/en\/wp-json\/wp\/v2\/product"}],"about":[{"href":"https:\/\/maugojewelry.com\/en\/wp-json\/wp\/v2\/types\/product"}],"replies":[{"embeddable":true,"href":"https:\/\/maugojewelry.com\/en\/wp-json\/wp\/v2\/comments?post=9260"}],"wp:featuredmedia":[{"embeddable":true,"href":"https:\/\/maugojewelry.com\/en\/wp-json\/wp\/v2\/media\/9263"}],"wp:attachment":[{"href":"https:\/\/maugojewelry.com\/en\/wp-json\/wp\/v2\/media?parent=9260"}],"wp:term":[{"taxonomy":"product_brand","embeddable":true,"href":"https:\/\/maugojewelry.com\/en\/wp-json\/wp\/v2\/product_brand?post=9260"},{"taxonomy":"product_cat","embeddable":true,"href":"https:\/\/maugojewelry.com\/en\/wp-json\/wp\/v2\/product_cat?post=9260"},{"taxonomy":"product_tag","embeddable":true,"href":"https:\/\/maugojewelry.com\/en\/wp-json\/wp\/v2\/product_tag?post=9260"}],"curies":[{"name":"wp","href":"https:\/\/api.w.org\/{rel}","templated":true}]}}