{"id":9281,"date":"2025-06-27T13:14:16","date_gmt":"2025-06-27T11:44:16","guid":{"rendered":"https:\/\/maugojewelry.com\/?post_type=product&#038;p=9281"},"modified":"2025-12-17T13:42:09","modified_gmt":"2025-12-17T12:42:09","slug":"lava-necklace","status":"publish","type":"product","link":"https:\/\/maugojewelry.com\/en\/produkt\/lava-necklace\/","title":{"rendered":"Lava Necklace"},"excerpt":{"rendered":"<p>R\u0119cznie wykonany naszyjnik Lava z naturalnych kamieni lawy wulkanicznej, ze srebrn\u0105 kulk\u0105 oraz zapi\u0119ciem magnetycznym wykonanym ze srebra 925.<\/p>\n<p>&nbsp;<\/p>\n<p>Kamie\u0144:\u00a0 naturalna lawa wulkaniczna<\/p>\n<p>Grubo\u015b\u0107 naszyjnika: 10 mm<\/p>\n<p>D\u0142ugo\u015b\u0107 naszyjnika: oko\u0142o 42 cm<\/p>\n<p>&nbsp;<\/p>\n<p><strong>Naszyjnik wyprodukowany w Polsce<\/strong><\/p>\n","protected":false},"featured_media":9282,"comment_status":"closed","ping_status":"closed","template":"","meta":{"_acf_changed":false},"product_brand":[],"product_cat":[16,20],"product_tag":[],"class_list":{"0":"post-9281","1":"product","2":"type-product","3":"status-publish","4":"has-post-thumbnail","6":"product_cat-all","7":"product_cat-necklaces","9":"first","10":"instock","11":"shipping-taxable","12":"purchasable","13":"product-type-variable"},"acf":[],"aioseo_notices":[],"_links":{"self":[{"href":"https:\/\/maugojewelry.com\/en\/wp-json\/wp\/v2\/product\/9281","targetHints":{"allow":["GET"]}}],"collection":[{"href":"https:\/\/maugojewelry.com\/en\/wp-json\/wp\/v2\/product"}],"about":[{"href":"https:\/\/maugojewelry.com\/en\/wp-json\/wp\/v2\/types\/product"}],"replies":[{"embeddable":true,"href":"https:\/\/maugojewelry.com\/en\/wp-json\/wp\/v2\/comments?post=9281"}],"wp:featuredmedia":[{"embeddable":true,"href":"https:\/\/maugojewelry.com\/en\/wp-json\/wp\/v2\/media\/9282"}],"wp:attachment":[{"href":"https:\/\/maugojewelry.com\/en\/wp-json\/wp\/v2\/media?parent=9281"}],"wp:term":[{"taxonomy":"product_brand","embeddable":true,"href":"https:\/\/maugojewelry.com\/en\/wp-json\/wp\/v2\/product_brand?post=9281"},{"taxonomy":"product_cat","embeddable":true,"href":"https:\/\/maugojewelry.com\/en\/wp-json\/wp\/v2\/product_cat?post=9281"},{"taxonomy":"product_tag","embeddable":true,"href":"https:\/\/maugojewelry.com\/en\/wp-json\/wp\/v2\/product_tag?post=9281"}],"curies":[{"name":"wp","href":"https:\/\/api.w.org\/{rel}","templated":true}]}}