{"id":9299,"date":"2025-07-03T14:39:43","date_gmt":"2025-07-03T13:09:43","guid":{"rendered":"https:\/\/maugojewelry.com\/?post_type=product&#038;p=9299"},"modified":"2026-02-21T00:02:16","modified_gmt":"2026-02-20T23:02:16","slug":"cor-necklace-3","status":"publish","type":"product","link":"https:\/\/maugojewelry.com\/en\/produkt\/cor-necklace-3\/","title":{"rendered":"Cor Necklace"},"excerpt":{"rendered":"<p>Zawieszka w kszta\u0142cie serca na srebrnym minimalistycznym \u0142a\u0144cuszku.\u00a0 Wykonana ze srebra lub srebra z\u0142oconego 24-karatowym z\u0142otem.<\/p>\n<p>&nbsp;<\/p>\n<p>Materia\u0142: srebro 925\/ srebro z\u0142ocone 24-karatowym z\u0142otem<\/p>\n<p>Wymiary zawieszki: 17&#215;12 mm<\/p>\n<p>Waga: 4,1 g (zawieszka)<\/p>\n","protected":false},"featured_media":9302,"comment_status":"closed","ping_status":"closed","template":"","meta":{"_acf_changed":false},"product_brand":[],"product_cat":[20,16],"product_tag":[],"class_list":{"0":"post-9299","1":"product","2":"type-product","3":"status-publish","4":"has-post-thumbnail","6":"product_cat-necklaces","7":"product_cat-all","9":"first","10":"instock","11":"shipping-taxable","12":"purchasable","13":"product-type-variable"},"acf":[],"aioseo_notices":[],"_links":{"self":[{"href":"https:\/\/maugojewelry.com\/en\/wp-json\/wp\/v2\/product\/9299","targetHints":{"allow":["GET"]}}],"collection":[{"href":"https:\/\/maugojewelry.com\/en\/wp-json\/wp\/v2\/product"}],"about":[{"href":"https:\/\/maugojewelry.com\/en\/wp-json\/wp\/v2\/types\/product"}],"replies":[{"embeddable":true,"href":"https:\/\/maugojewelry.com\/en\/wp-json\/wp\/v2\/comments?post=9299"}],"wp:featuredmedia":[{"embeddable":true,"href":"https:\/\/maugojewelry.com\/en\/wp-json\/wp\/v2\/media\/9302"}],"wp:attachment":[{"href":"https:\/\/maugojewelry.com\/en\/wp-json\/wp\/v2\/media?parent=9299"}],"wp:term":[{"taxonomy":"product_brand","embeddable":true,"href":"https:\/\/maugojewelry.com\/en\/wp-json\/wp\/v2\/product_brand?post=9299"},{"taxonomy":"product_cat","embeddable":true,"href":"https:\/\/maugojewelry.com\/en\/wp-json\/wp\/v2\/product_cat?post=9299"},{"taxonomy":"product_tag","embeddable":true,"href":"https:\/\/maugojewelry.com\/en\/wp-json\/wp\/v2\/product_tag?post=9299"}],"curies":[{"name":"wp","href":"https:\/\/api.w.org\/{rel}","templated":true}]}}